{"id":5010,"date":"2022-07-14T15:52:27","date_gmt":"2022-07-14T15:53:08","guid":{"rendered":"https:\/\/kindart.is\/product\/dreams\/"},"modified":"2022-07-14T15:53:08","modified_gmt":"2022-07-14T15:53:08","slug":"dreams","status":"publish","type":"product","link":"https:\/\/kindart.is\/en\/vara\/dreams\/","title":{"rendered":"Dreams"},"content":{"rendered":"<p><strong>Dreams<\/strong> by Hermann J\u00f3nasson. Speech delivered in Reykjav\u00edk in February 1912.<br \/>\nCertificate is given by \u00de\u00f3rareinn J\u00f3nsson from Hjaltabakki and Afternoon is written by Gu\u00f0mundur Finnbogason. The book is hand-bound in purple shirting on the keel and corner and covered with old marble paper on the cards. 17.2 X 10.6 cm in size and 172 pages.<\/p>\n<p><strong>Publishing and printing<\/strong> :<br \/>\nPublisher not mentioned, Reykjav\u00edk 1912. \u00cdsafoldarprentsmi\u00f0ja.<\/p>\n<p>Antiques.<\/p>\n","protected":false},"excerpt":{"rendered":"<p>Dreams by Hermann J\u00f3nasson. Speech delivered in Reykjav\u00edk in February 1912. Certificate is given by \u00de\u00f3rareinn J\u00f3nsson from Hjaltabakki and Afternoon is written by Gu\u00f0mundur Finnbogason. The book is hand-bound in purple shirting on the keel and corner and covered with old marble paper on the cards. 17.2 X 10.6 cm in size and 172 [&hellip;]<\/p>\n","protected":false},"featured_media":5006,"template":"","meta":{"slim_seo":{"title":"Dreams - KindArt","description":"Dreams by Hermann J\u00f3nasson. Speech delivered in Reykjav\u00edk in February 1912. Certificate is given by \u00de\u00f3rareinn J\u00f3nsson from Hjaltabakki and Afternoon is written"}},"product_brand":[],"product_cat":[83],"product_tag":[],"class_list":{"0":"post-5010","1":"product","2":"type-product","3":"status-publish","4":"has-post-thumbnail","6":"product_cat-books","7":"product_shipping_class-small-en","9":"first","10":"instock","11":"sold-individually","12":"purchasable","13":"product-type-simple"},"_links":{"self":[{"href":"https:\/\/kindart.is\/en\/wp-json\/wp\/v2\/product\/5010","targetHints":{"allow":["GET"]}}],"collection":[{"href":"https:\/\/kindart.is\/en\/wp-json\/wp\/v2\/product"}],"about":[{"href":"https:\/\/kindart.is\/en\/wp-json\/wp\/v2\/types\/product"}],"wp:featuredmedia":[{"embeddable":true,"href":"https:\/\/kindart.is\/en\/wp-json\/wp\/v2\/media\/5006"}],"wp:attachment":[{"href":"https:\/\/kindart.is\/en\/wp-json\/wp\/v2\/media?parent=5010"}],"wp:term":[{"taxonomy":"product_brand","embeddable":true,"href":"https:\/\/kindart.is\/en\/wp-json\/wp\/v2\/product_brand?post=5010"},{"taxonomy":"product_cat","embeddable":true,"href":"https:\/\/kindart.is\/en\/wp-json\/wp\/v2\/product_cat?post=5010"},{"taxonomy":"product_tag","embeddable":true,"href":"https:\/\/kindart.is\/en\/wp-json\/wp\/v2\/product_tag?post=5010"}],"curies":[{"name":"wp","href":"https:\/\/api.w.org\/{rel}","templated":true}]}}