{"id":5028,"date":"2022-07-16T20:35:05","date_gmt":"2022-07-16T20:35:32","guid":{"rendered":"https:\/\/kindart.is\/product\/science-is-still-burning\/"},"modified":"2022-07-16T20:35:32","modified_gmt":"2022-07-16T20:35:32","slug":"enntha-vakir-visnaglod-2","status":"publish","type":"product","link":"https:\/\/kindart.is\/en\/vara\/enntha-vakir-visnaglod-2\/","title":{"rendered":"Science is still burning"},"content":{"rendered":"<p><strong>Science is still burning<\/strong> . Poems and verses by Kristj\u00e1n Run\u00f3lfsson. Ragnar Ingi A\u00f0alsteinsson, who writes the foreword, says of Kristj\u00e1n that he was a poet of the traditional form of poetry and that the ring-handed form was tame for him. The book is bound in a publishing volume, which is an album in paper with a protective cover. 21.5 X 14 cm in size and 215 pages.<\/p>\n<p><strong>Publishing and printing<\/strong> :<br \/>\nPublisher: B\u00f3ka\u00fatg\u00e1fan S\u00e6mundur, Selfoss 2021. Cover and layout: A\u00f0alsteinn Svanur Sigf\u00fasson Print Media Latvia. The Swan label, printed matter.<br \/>\nThis book is published in the territory of B\u00f3kab\u00e6jarna austanfjalls, which is part of the International Movement of Book Towns, IOB, International Organization of Booktowns (booktown.net).<\/p>\n","protected":false},"excerpt":{"rendered":"<p>Science is still burning . Poems and verses by Kristj\u00e1n Run\u00f3lfsson. Ragnar Ingi A\u00f0alsteinsson, who writes the foreword, says of Kristj\u00e1n that he was a poet of the traditional form of poetry and that the ring-handed form was tame for him. The book is bound in a publishing volume, which is an album in paper [&hellip;]<\/p>\n","protected":false},"featured_media":5027,"template":"","meta":{"slim_seo":{"title":"Science is still burning - KindArt","description":"Science is still burning . Poems and verses by Kristj\u00e1n Run\u00f3lfsson. Ragnar Ingi A\u00f0alsteinsson, who writes the foreword, says of Kristj\u00e1n that he was a poet of t"}},"product_brand":[],"product_cat":[83],"product_tag":[],"class_list":{"0":"post-5028","1":"product","2":"type-product","3":"status-publish","4":"has-post-thumbnail","6":"product_cat-books","7":"product_shipping_class-small-en","9":"first","10":"outofstock","11":"sold-individually","12":"purchasable","13":"product-type-simple"},"_links":{"self":[{"href":"https:\/\/kindart.is\/en\/wp-json\/wp\/v2\/product\/5028","targetHints":{"allow":["GET"]}}],"collection":[{"href":"https:\/\/kindart.is\/en\/wp-json\/wp\/v2\/product"}],"about":[{"href":"https:\/\/kindart.is\/en\/wp-json\/wp\/v2\/types\/product"}],"wp:featuredmedia":[{"embeddable":true,"href":"https:\/\/kindart.is\/en\/wp-json\/wp\/v2\/media\/5027"}],"wp:attachment":[{"href":"https:\/\/kindart.is\/en\/wp-json\/wp\/v2\/media?parent=5028"}],"wp:term":[{"taxonomy":"product_brand","embeddable":true,"href":"https:\/\/kindart.is\/en\/wp-json\/wp\/v2\/product_brand?post=5028"},{"taxonomy":"product_cat","embeddable":true,"href":"https:\/\/kindart.is\/en\/wp-json\/wp\/v2\/product_cat?post=5028"},{"taxonomy":"product_tag","embeddable":true,"href":"https:\/\/kindart.is\/en\/wp-json\/wp\/v2\/product_tag?post=5028"}],"curies":[{"name":"wp","href":"https:\/\/api.w.org\/{rel}","templated":true}]}}