{"id":5044,"date":"2022-07-16T20:45:33","date_gmt":"2022-07-16T20:46:09","guid":{"rendered":"https:\/\/kindart.is\/product\/glass-doctor\/"},"modified":"2022-07-16T20:46:09","modified_gmt":"2022-07-16T20:46:09","slug":"glass-doctors","status":"publish","type":"product","link":"https:\/\/kindart.is\/en\/vara\/glass-doctors\/","title":{"rendered":"Glass doctor"},"content":{"rendered":"<p><strong>Glass doctor<\/strong> . A novel by Hjalmar S\u00f6derberg[1869-1941] , who was a Swedish novelist, writer and translator. He wrote it when he was at the peak of his writing career and it was first published in Sweden in 1905. &#8211; Doctor \u00de\u00f3rarinn Gu\u00f0nason translated the book. The book is bound in alband, rex\u00edn and gilded on the keel. Size: 18.7 X 12.4 cm and 168 pages.<\/p>\n<p><strong>Publishing and printing<\/strong> :<br \/>\nPublisher: B\u00f3ka\u00fatg\u00e1fa Gu\u00f0j\u00f3n \u00d3. Gu\u00f0j\u00f3nsson. Reykjav\u00edk 1942. Prentsmi\u00f0jan H\u00f3lar, \u00d3\u00f0insgata 13.<\/p>\n","protected":false},"excerpt":{"rendered":"<p>Glass doctor . A novel by Hjalmar S\u00f6derberg[1869-1941] , who was a Swedish novelist, writer and translator. He wrote it when he was at the peak of his writing career and it was first published in Sweden in 1905. &#8211; Doctor \u00de\u00f3rarinn Gu\u00f0nason translated the book. The book is bound in alband, rex\u00edn and gilded [&hellip;]<\/p>\n","protected":false},"featured_media":5041,"template":"","meta":{"slim_seo":{"title":"Glass doctor - KindArt","description":"Glass doctor . A novel by Hjalmar S\u00f6derberg[1869-1941] , who was a Swedish novelist, writer and translator. He wrote it when he was at the peak of his writing c"}},"product_brand":[],"product_cat":[83],"product_tag":[],"class_list":{"0":"post-5044","1":"product","2":"type-product","3":"status-publish","4":"has-post-thumbnail","6":"product_cat-books","7":"product_shipping_class-small-en","9":"first","10":"instock","11":"sold-individually","12":"purchasable","13":"product-type-simple"},"_links":{"self":[{"href":"https:\/\/kindart.is\/en\/wp-json\/wp\/v2\/product\/5044","targetHints":{"allow":["GET"]}}],"collection":[{"href":"https:\/\/kindart.is\/en\/wp-json\/wp\/v2\/product"}],"about":[{"href":"https:\/\/kindart.is\/en\/wp-json\/wp\/v2\/types\/product"}],"wp:featuredmedia":[{"embeddable":true,"href":"https:\/\/kindart.is\/en\/wp-json\/wp\/v2\/media\/5041"}],"wp:attachment":[{"href":"https:\/\/kindart.is\/en\/wp-json\/wp\/v2\/media?parent=5044"}],"wp:term":[{"taxonomy":"product_brand","embeddable":true,"href":"https:\/\/kindart.is\/en\/wp-json\/wp\/v2\/product_brand?post=5044"},{"taxonomy":"product_cat","embeddable":true,"href":"https:\/\/kindart.is\/en\/wp-json\/wp\/v2\/product_cat?post=5044"},{"taxonomy":"product_tag","embeddable":true,"href":"https:\/\/kindart.is\/en\/wp-json\/wp\/v2\/product_tag?post=5044"}],"curies":[{"name":"wp","href":"https:\/\/api.w.org\/{rel}","templated":true}]}}