{"id":5073,"date":"2022-07-16T21:10:34","date_gmt":"2022-07-16T21:12:17","guid":{"rendered":"https:\/\/kindart.is\/product\/seydisfjordur-occupation-elements\/"},"modified":"2022-07-16T21:12:17","modified_gmt":"2022-07-16T21:12:17","slug":"seydfirskir-hernamsthaettir-2","status":"publish","type":"product","link":"https:\/\/kindart.is\/en\/vara\/seydfirskir-hernamsthaettir-2\/","title":{"rendered":"Sey\u00f0isfj\u00f6r\u00f0ur occupation elements"},"content":{"rendered":"<p><strong>Sey\u00f0isfj\u00f6r\u00f0ur occupation<\/strong> by Hj\u00e1lmar Vilhj\u00e1lmsson fv. Secretary of State. The book is bound in a publishing volume, rex\u00edn alband. Size: 21.8 X 13.8 cm and 175 pages. Drawing of Sey\u00f0isfj\u00f6r\u00f0ur on faecal leaves. Pictures from Sey\u00f0isfj\u00f6r\u00f0ur are in the book, but most of them are rather poor.<\/p>\n<p><strong>Publishing and printing<\/strong> :<br \/>\nThe book publisher \u00d6rn og \u00d6rlygur. Reykjav\u00edk 1977. Edda printing works.<\/p>\n","protected":false},"excerpt":{"rendered":"<p>Sey\u00f0isfj\u00f6r\u00f0ur occupation by Hj\u00e1lmar Vilhj\u00e1lmsson fv. Secretary of State. The book is bound in a publishing volume, rex\u00edn alband. Size: 21.8 X 13.8 cm and 175 pages. Drawing of Sey\u00f0isfj\u00f6r\u00f0ur on faecal leaves. Pictures from Sey\u00f0isfj\u00f6r\u00f0ur are in the book, but most of them are rather poor. Publishing and printing : The book publisher \u00d6rn [&hellip;]<\/p>\n","protected":false},"featured_media":5068,"template":"","meta":{"slim_seo":{"title":"Sey\u00f0isfj\u00f6r\u00f0ur occupation elements - KindArt","description":"Sey\u00f0isfj\u00f6r\u00f0ur occupation by Hj\u00e1lmar Vilhj\u00e1lmsson fv. Secretary of State. The book is bound in a publishing volume, rex\u00edn alband. Size: 21.8 X 13.8 cm and 175 pa"}},"product_brand":[],"product_cat":[83],"product_tag":[],"class_list":{"0":"post-5073","1":"product","2":"type-product","3":"status-publish","4":"has-post-thumbnail","6":"product_cat-books","7":"product_shipping_class-small-en","9":"first","10":"instock","11":"sold-individually","12":"purchasable","13":"product-type-simple"},"_links":{"self":[{"href":"https:\/\/kindart.is\/en\/wp-json\/wp\/v2\/product\/5073","targetHints":{"allow":["GET"]}}],"collection":[{"href":"https:\/\/kindart.is\/en\/wp-json\/wp\/v2\/product"}],"about":[{"href":"https:\/\/kindart.is\/en\/wp-json\/wp\/v2\/types\/product"}],"wp:featuredmedia":[{"embeddable":true,"href":"https:\/\/kindart.is\/en\/wp-json\/wp\/v2\/media\/5068"}],"wp:attachment":[{"href":"https:\/\/kindart.is\/en\/wp-json\/wp\/v2\/media?parent=5073"}],"wp:term":[{"taxonomy":"product_brand","embeddable":true,"href":"https:\/\/kindart.is\/en\/wp-json\/wp\/v2\/product_brand?post=5073"},{"taxonomy":"product_cat","embeddable":true,"href":"https:\/\/kindart.is\/en\/wp-json\/wp\/v2\/product_cat?post=5073"},{"taxonomy":"product_tag","embeddable":true,"href":"https:\/\/kindart.is\/en\/wp-json\/wp\/v2\/product_tag?post=5073"}],"curies":[{"name":"wp","href":"https:\/\/api.w.org\/{rel}","templated":true}]}}