{"id":5109,"date":"2022-07-21T09:36:10","date_gmt":"2022-07-21T09:36:46","guid":{"rendered":"https:\/\/kindart.is\/product\/oreigaaeska\/"},"modified":"2022-07-21T09:36:46","modified_gmt":"2022-07-21T09:36:46","slug":"oreigaaeska-2","status":"publish","type":"product","link":"https:\/\/kindart.is\/en\/vara\/oreigaaeska-2\/","title":{"rendered":"\u00d6reiga\u00e6ska!"},"content":{"rendered":"<p><strong>\u00d6reiga\u00e6ska!<\/strong> . The publication contains several articles on social issues. The first is called: The development of wealth and the growth of the working class. The booklet is wire-bound with a cover with a drawing on the front and inside the cover is an advertisement for the publication The Red Flag which is published by SUK &#8211; Size: 18.3 X 13.5 cm and 16 pages.<\/p>\n<p><strong>Publishing and printing<\/strong> :<br \/>\nPublisher: Union of Young Communists. Reykjav\u00edk 1931. Print locations not mentioned.<\/p>\n","protected":false},"excerpt":{"rendered":"<p>\u00d6reiga\u00e6ska! . The publication contains several articles on social issues. The first is called: The development of wealth and the growth of the working class. The booklet is wire-bound with a cover with a drawing on the front and inside the cover is an advertisement for the publication The Red Flag which is published by [&hellip;]<\/p>\n","protected":false},"featured_media":5106,"template":"","meta":{"slim_seo":{"title":"\u00d6reiga\u00e6ska! - KindArt","description":"\u00d6reiga\u00e6ska! . The publication contains several articles on social issues. The first is called: The development of wealth and the growth of the working class. Th"}},"product_brand":[],"product_cat":[83],"product_tag":[],"class_list":{"0":"post-5109","1":"product","2":"type-product","3":"status-publish","4":"has-post-thumbnail","6":"product_cat-books","7":"product_shipping_class-small-en","9":"first","10":"outofstock","11":"sold-individually","12":"purchasable","13":"product-type-simple"},"_links":{"self":[{"href":"https:\/\/kindart.is\/en\/wp-json\/wp\/v2\/product\/5109","targetHints":{"allow":["GET"]}}],"collection":[{"href":"https:\/\/kindart.is\/en\/wp-json\/wp\/v2\/product"}],"about":[{"href":"https:\/\/kindart.is\/en\/wp-json\/wp\/v2\/types\/product"}],"wp:featuredmedia":[{"embeddable":true,"href":"https:\/\/kindart.is\/en\/wp-json\/wp\/v2\/media\/5106"}],"wp:attachment":[{"href":"https:\/\/kindart.is\/en\/wp-json\/wp\/v2\/media?parent=5109"}],"wp:term":[{"taxonomy":"product_brand","embeddable":true,"href":"https:\/\/kindart.is\/en\/wp-json\/wp\/v2\/product_brand?post=5109"},{"taxonomy":"product_cat","embeddable":true,"href":"https:\/\/kindart.is\/en\/wp-json\/wp\/v2\/product_cat?post=5109"},{"taxonomy":"product_tag","embeddable":true,"href":"https:\/\/kindart.is\/en\/wp-json\/wp\/v2\/product_tag?post=5109"}],"curies":[{"name":"wp","href":"https:\/\/api.w.org\/{rel}","templated":true}]}}