{"id":5120,"date":"2022-07-21T09:47:11","date_gmt":"2022-07-21T09:47:37","guid":{"rendered":"https:\/\/kindart.is\/product\/russia-today\/"},"modified":"2022-07-21T09:47:37","modified_gmt":"2022-07-21T09:47:37","slug":"russia-today","status":"publish","type":"product","link":"https:\/\/kindart.is\/en\/vara\/russia-today\/","title":{"rendered":"Russia today"},"content":{"rendered":"<p><strong>Russia today<\/strong> by A\u00f0albj\u00f6rn P\u00e9tursson. Advertisement on the back page of International Aid and a request for admission to the same organization. Size: 23.6 X 15.7 cm and 40 pages and a thin red cover.<\/p>\n<p><strong>Publishing and printing<\/strong> :<br \/>\nPublisher: International Labor Aid, Icelandic League, Akureyri 1931. Oddur Bj\u00f6rnsson&#8217;s printing works.<\/p>\n","protected":false},"excerpt":{"rendered":"<p>Russia today by A\u00f0albj\u00f6rn P\u00e9tursson. Advertisement on the back page of International Aid and a request for admission to the same organization. Size: 23.6 X 15.7 cm and 40 pages and a thin red cover. Publishing and printing : Publisher: International Labor Aid, Icelandic League, Akureyri 1931. Oddur Bj\u00f6rnsson&#8217;s printing works.<\/p>\n","protected":false},"featured_media":5119,"template":"","meta":{"slim_seo":{"title":"Russia today - KindArt","description":"Russia today by A\u00f0albj\u00f6rn P\u00e9tursson. Advertisement on the back page of International Aid and a request for admission to the same organization. Size: 23.6 X 15.7"}},"product_brand":[],"product_cat":[83],"product_tag":[],"class_list":{"0":"post-5120","1":"product","2":"type-product","3":"status-publish","4":"has-post-thumbnail","6":"product_cat-books","7":"product_shipping_class-small-en","9":"first","10":"outofstock","11":"sold-individually","12":"purchasable","13":"product-type-simple"},"_links":{"self":[{"href":"https:\/\/kindart.is\/en\/wp-json\/wp\/v2\/product\/5120","targetHints":{"allow":["GET"]}}],"collection":[{"href":"https:\/\/kindart.is\/en\/wp-json\/wp\/v2\/product"}],"about":[{"href":"https:\/\/kindart.is\/en\/wp-json\/wp\/v2\/types\/product"}],"wp:featuredmedia":[{"embeddable":true,"href":"https:\/\/kindart.is\/en\/wp-json\/wp\/v2\/media\/5119"}],"wp:attachment":[{"href":"https:\/\/kindart.is\/en\/wp-json\/wp\/v2\/media?parent=5120"}],"wp:term":[{"taxonomy":"product_brand","embeddable":true,"href":"https:\/\/kindart.is\/en\/wp-json\/wp\/v2\/product_brand?post=5120"},{"taxonomy":"product_cat","embeddable":true,"href":"https:\/\/kindart.is\/en\/wp-json\/wp\/v2\/product_cat?post=5120"},{"taxonomy":"product_tag","embeddable":true,"href":"https:\/\/kindart.is\/en\/wp-json\/wp\/v2\/product_tag?post=5120"}],"curies":[{"name":"wp","href":"https:\/\/api.w.org\/{rel}","templated":true}]}}