{"id":5126,"date":"2022-07-21T09:54:06","date_gmt":"2022-07-21T09:55:01","guid":{"rendered":"https:\/\/kindart.is\/product\/thordur-gamli-halti\/"},"modified":"2022-07-21T09:55:01","modified_gmt":"2022-07-21T09:55:01","slug":"thordur-gamli-halti-2","status":"publish","type":"product","link":"https:\/\/kindart.is\/en\/vara\/thordur-gamli-halti-2\/","title":{"rendered":"\u00de\u00f3r\u00f0ur gamli halti"},"content":{"rendered":"<p><strong>Old \u00de\u00f3r\u00f0ur limped<\/strong> by Halld\u00f3r Kiljan Laxness. History from November 9. [The author of the story was forbidden to read the story to the end at the Al\u00fe\u00fd\u00f0uflokkur&#8217;s party meeting on May 1, by the party&#8217;s director, J\u00f3n Axel P\u00e9tursson, the Al\u00fe\u00fd\u00f0uflokkur&#8217;s secretary general. The next day, Al\u00fe\u00fd\u00f0ubla\u00f0i\u00f0 branded the story as &#8220;ludicrous and in the most unlistic way about the Al\u00fe\u00fd\u00f0uflokkinn&#8221;]. The booklet is cross-stitched with wire, 21.6 X 14 cm in size and 24 pages. and a yellow-brown printed cover with red lettering.<\/p>\n<p><strong>Publishing and printing<\/strong> :<br \/>\n&#8220;Special print from R\u00e9tti&#8221;. Reykjav\u00edk 1934. \u00cdsafoldarprentsmi\u00f0ja.<\/p>\n","protected":false},"excerpt":{"rendered":"<p>Old \u00de\u00f3r\u00f0ur limped by Halld\u00f3r Kiljan Laxness. History from November 9. [The author of the story was forbidden to read the story to the end at the Al\u00fe\u00fd\u00f0uflokkur&#8217;s party meeting on May 1, by the party&#8217;s director, J\u00f3n Axel P\u00e9tursson, the Al\u00fe\u00fd\u00f0uflokkur&#8217;s secretary general. The next day, Al\u00fe\u00fd\u00f0ubla\u00f0i\u00f0 branded the story as &#8220;ludicrous and in [&hellip;]<\/p>\n","protected":false},"featured_media":5124,"template":"","meta":{"slim_seo":{"title":"\u00de\u00f3r\u00f0ur gamli halti - KindArt","description":"Old \u00de\u00f3r\u00f0ur limped by Halld\u00f3r Kiljan Laxness. History from November 9. [The author of the story was forbidden to read the story to the end at the Al\u00fe\u00fd\u00f0uflokkur's"}},"product_brand":[],"product_cat":[83],"product_tag":[],"class_list":{"0":"post-5126","1":"product","2":"type-product","3":"status-publish","4":"has-post-thumbnail","6":"product_cat-books","7":"product_shipping_class-small-en","9":"first","10":"outofstock","11":"sold-individually","12":"purchasable","13":"product-type-simple"},"_links":{"self":[{"href":"https:\/\/kindart.is\/en\/wp-json\/wp\/v2\/product\/5126","targetHints":{"allow":["GET"]}}],"collection":[{"href":"https:\/\/kindart.is\/en\/wp-json\/wp\/v2\/product"}],"about":[{"href":"https:\/\/kindart.is\/en\/wp-json\/wp\/v2\/types\/product"}],"wp:featuredmedia":[{"embeddable":true,"href":"https:\/\/kindart.is\/en\/wp-json\/wp\/v2\/media\/5124"}],"wp:attachment":[{"href":"https:\/\/kindart.is\/en\/wp-json\/wp\/v2\/media?parent=5126"}],"wp:term":[{"taxonomy":"product_brand","embeddable":true,"href":"https:\/\/kindart.is\/en\/wp-json\/wp\/v2\/product_brand?post=5126"},{"taxonomy":"product_cat","embeddable":true,"href":"https:\/\/kindart.is\/en\/wp-json\/wp\/v2\/product_cat?post=5126"},{"taxonomy":"product_tag","embeddable":true,"href":"https:\/\/kindart.is\/en\/wp-json\/wp\/v2\/product_tag?post=5126"}],"curies":[{"name":"wp","href":"https:\/\/api.w.org\/{rel}","templated":true}]}}