{"id":5133,"date":"2022-07-21T20:57:37","date_gmt":"2022-07-21T20:58:33","guid":{"rendered":"https:\/\/kindart.is\/product\/the-trumpet-band-svanur-is-40-years-old\/"},"modified":"2022-07-21T20:58:33","modified_gmt":"2022-07-21T20:58:33","slug":"ludrasveitin-svanur-40-ara-2","status":"publish","type":"product","link":"https:\/\/kindart.is\/en\/vara\/ludrasveitin-svanur-40-ara-2\/","title":{"rendered":"The trumpet band Svanur is 40 years old"},"content":{"rendered":"<p><strong>The trumpet band Svanur is 40 years old<\/strong> . Anniversary book published during the anniversary year. Articles by members: Halld\u00f3r Sigur\u00f0sson, Reyni Gu\u00f0nason, J\u00f3n Sigur\u00f0sson, Hrei\u00f0ar \u00d3lafsson and J\u00f3hann Gunnarsson. The blade is wire stapled and cut, 29.3 X 21 cm in size and 40 pages. including coat.<\/p>\n<p><strong>Publishing and printing<\/strong> :<br \/>\nPublisher: L\u00fa\u00f0rasveitin Svanur. Responsible: Halld\u00f3r Sigur\u00f0sson. Reykjav\u00edk 1970. Prentsmi\u00f0jan Leiftur, but Offsetmyndir printed the cover.<\/p>\n","protected":false},"excerpt":{"rendered":"<p>The trumpet band Svanur is 40 years old . Anniversary book published during the anniversary year. Articles by members: Halld\u00f3r Sigur\u00f0sson, Reyni Gu\u00f0nason, J\u00f3n Sigur\u00f0sson, Hrei\u00f0ar \u00d3lafsson and J\u00f3hann Gunnarsson. The blade is wire stapled and cut, 29.3 X 21 cm in size and 40 pages. including coat. Publishing and printing : Publisher: L\u00fa\u00f0rasveitin Svanur. [&hellip;]<\/p>\n","protected":false},"featured_media":5132,"template":"","meta":{"slim_seo":{"title":"The trumpet band Svanur is 40 years old - KindArt","description":"The trumpet band Svanur is 40 years old . Anniversary book published during the anniversary year. Articles by members: Halld\u00f3r Sigur\u00f0sson, Reyni Gu\u00f0nason, J\u00f3n S"}},"product_brand":[],"product_cat":[83],"product_tag":[],"class_list":{"0":"post-5133","1":"product","2":"type-product","3":"status-publish","4":"has-post-thumbnail","6":"product_cat-books","7":"product_shipping_class-small-en","9":"first","10":"outofstock","11":"sold-individually","12":"purchasable","13":"product-type-simple"},"_links":{"self":[{"href":"https:\/\/kindart.is\/en\/wp-json\/wp\/v2\/product\/5133","targetHints":{"allow":["GET"]}}],"collection":[{"href":"https:\/\/kindart.is\/en\/wp-json\/wp\/v2\/product"}],"about":[{"href":"https:\/\/kindart.is\/en\/wp-json\/wp\/v2\/types\/product"}],"wp:featuredmedia":[{"embeddable":true,"href":"https:\/\/kindart.is\/en\/wp-json\/wp\/v2\/media\/5132"}],"wp:attachment":[{"href":"https:\/\/kindart.is\/en\/wp-json\/wp\/v2\/media?parent=5133"}],"wp:term":[{"taxonomy":"product_brand","embeddable":true,"href":"https:\/\/kindart.is\/en\/wp-json\/wp\/v2\/product_brand?post=5133"},{"taxonomy":"product_cat","embeddable":true,"href":"https:\/\/kindart.is\/en\/wp-json\/wp\/v2\/product_cat?post=5133"},{"taxonomy":"product_tag","embeddable":true,"href":"https:\/\/kindart.is\/en\/wp-json\/wp\/v2\/product_tag?post=5133"}],"curies":[{"name":"wp","href":"https:\/\/api.w.org\/{rel}","templated":true}]}}