{"id":5141,"date":"2022-07-27T13:02:43","date_gmt":"2022-07-27T13:04:15","guid":{"rendered":"https:\/\/kindart.is\/product\/may-1-1937\/"},"modified":"2022-07-27T13:04:15","modified_gmt":"2022-07-27T13:04:15","slug":"1-may-1937","status":"publish","type":"product","link":"https:\/\/kindart.is\/en\/vara\/1-may-1937\/","title":{"rendered":"May 1, 1937"},"content":{"rendered":"<p><strong>May 1, 1937<\/strong>. Paper published on the holiday of the labor movement, May 1. A poem by A\u00f0alstein Halld\u00f3rsson from Little Forest. Article about the 40-year struggle of the labor movement e. SHM Article on the Spanish War, the fishing industry, the People&#8217;s Association, the Worker&#8217;s Homes, etc. H\u00e9dinn Valdemarsson. Youth and the People&#8217;s Association e. P\u00e9tur Halld\u00f3rsson, Address to common women e. Gu\u00f0j\u00f3n B. Baldvinsson, advertisements etc. \u2013 The magazine is wire bound, 24.5 X 18.7 cm in size and 36 pages, plus a cardboard cover.<\/p>\n<p><strong>Publishing and printing<\/strong> :<br \/>\nPublisher: The People&#8217;s Party, Reykjav\u00edk 1937. \u00cdsafoldarprentsmi\u00f0ja.<\/p>\n","protected":false},"excerpt":{"rendered":"<p>May 1, 1937. Paper published on the holiday of the labor movement, May 1. A poem by A\u00f0alstein Halld\u00f3rsson from Little Forest. Article about the 40-year struggle of the labor movement e. SHM Article on the Spanish War, the fishing industry, the People&#8217;s Association, the Worker&#8217;s Homes, etc. H\u00e9dinn Valdemarsson. Youth and the People&#8217;s Association [&hellip;]<\/p>\n","protected":false},"featured_media":5139,"template":"","meta":{"slim_seo":{"title":"May 1, 1937 - KindArt","description":"May 1, 1937 . Paper published on the holiday of the labor movement, May 1. A poem by A\u00f0alstein Halld\u00f3rsson from Little Forest. Article about the 40-year struggl"}},"product_brand":[],"product_cat":[83],"product_tag":[],"class_list":{"0":"post-5141","1":"product","2":"type-product","3":"status-publish","4":"has-post-thumbnail","6":"product_cat-books","7":"product_shipping_class-small-en","9":"first","10":"outofstock","11":"sold-individually","12":"purchasable","13":"product-type-simple"},"_links":{"self":[{"href":"https:\/\/kindart.is\/en\/wp-json\/wp\/v2\/product\/5141","targetHints":{"allow":["GET"]}}],"collection":[{"href":"https:\/\/kindart.is\/en\/wp-json\/wp\/v2\/product"}],"about":[{"href":"https:\/\/kindart.is\/en\/wp-json\/wp\/v2\/types\/product"}],"wp:featuredmedia":[{"embeddable":true,"href":"https:\/\/kindart.is\/en\/wp-json\/wp\/v2\/media\/5139"}],"wp:attachment":[{"href":"https:\/\/kindart.is\/en\/wp-json\/wp\/v2\/media?parent=5141"}],"wp:term":[{"taxonomy":"product_brand","embeddable":true,"href":"https:\/\/kindart.is\/en\/wp-json\/wp\/v2\/product_brand?post=5141"},{"taxonomy":"product_cat","embeddable":true,"href":"https:\/\/kindart.is\/en\/wp-json\/wp\/v2\/product_cat?post=5141"},{"taxonomy":"product_tag","embeddable":true,"href":"https:\/\/kindart.is\/en\/wp-json\/wp\/v2\/product_tag?post=5141"}],"curies":[{"name":"wp","href":"https:\/\/api.w.org\/{rel}","templated":true}]}}