{"id":5146,"date":"2022-07-27T13:09:21","date_gmt":"2022-07-27T13:09:55","guid":{"rendered":"https:\/\/kindart.is\/product\/newspaper-of-liberal-students\/"},"modified":"2022-07-27T13:09:55","modified_gmt":"2022-07-27T13:09:55","slug":"blad-frjalslyndra-studenta-2","status":"publish","type":"product","link":"https:\/\/kindart.is\/en\/vara\/blad-frjalslyndra-studenta-2\/","title":{"rendered":"Newspaper of liberal students"},"content":{"rendered":"<p><strong>Newspaper of liberal students<\/strong> . Editorial board: Volter Antonsson, J\u00f3n Gr\u00e9tar Sigur\u00f0sson and Ingvar G\u00edslason, all std. jur The paper was an election paper for the Student Council elections, and the election office was in the Edduhus building on Lindargatu. A list of candidates was presented on the front page of the paper with the names of 18 people, including two women. Sveinn Skorri H\u00f6skuldsson support. mag. writes an editorial on p. 2. The paper is 31 X 23.5 cm in size and has 4 pages.<\/p>\n<p><strong>Publishing and printing<\/strong> :<br \/>\nPublisher: Association of liberal students, Reykjav\u00edk 1955. The printing press Prentfell.<\/p>\n","protected":false},"excerpt":{"rendered":"<p>Newspaper of liberal students . Editorial board: Volter Antonsson, J\u00f3n Gr\u00e9tar Sigur\u00f0sson and Ingvar G\u00edslason, all std. jur The paper was an election paper for the Student Council elections, and the election office was in the Edduhus building on Lindargatu. A list of candidates was presented on the front page of the paper with the [&hellip;]<\/p>\n","protected":false},"featured_media":5145,"template":"","meta":{"slim_seo":{"title":"Newspaper of liberal students - KindArt","description":"Newspaper of liberal students . Editorial board: Volter Antonsson, J\u00f3n Gr\u00e9tar Sigur\u00f0sson and Ingvar G\u00edslason, all std. jur The paper was an election paper for t"}},"product_brand":[],"product_cat":[83],"product_tag":[],"class_list":{"0":"post-5146","1":"product","2":"type-product","3":"status-publish","4":"has-post-thumbnail","6":"product_cat-books","7":"product_shipping_class-small-en","9":"first","10":"outofstock","11":"sold-individually","12":"purchasable","13":"product-type-simple"},"_links":{"self":[{"href":"https:\/\/kindart.is\/en\/wp-json\/wp\/v2\/product\/5146","targetHints":{"allow":["GET"]}}],"collection":[{"href":"https:\/\/kindart.is\/en\/wp-json\/wp\/v2\/product"}],"about":[{"href":"https:\/\/kindart.is\/en\/wp-json\/wp\/v2\/types\/product"}],"wp:featuredmedia":[{"embeddable":true,"href":"https:\/\/kindart.is\/en\/wp-json\/wp\/v2\/media\/5145"}],"wp:attachment":[{"href":"https:\/\/kindart.is\/en\/wp-json\/wp\/v2\/media?parent=5146"}],"wp:term":[{"taxonomy":"product_brand","embeddable":true,"href":"https:\/\/kindart.is\/en\/wp-json\/wp\/v2\/product_brand?post=5146"},{"taxonomy":"product_cat","embeddable":true,"href":"https:\/\/kindart.is\/en\/wp-json\/wp\/v2\/product_cat?post=5146"},{"taxonomy":"product_tag","embeddable":true,"href":"https:\/\/kindart.is\/en\/wp-json\/wp\/v2\/product_tag?post=5146"}],"curies":[{"name":"wp","href":"https:\/\/api.w.org\/{rel}","templated":true}]}}