{"id":5151,"date":"2022-07-27T13:13:13","date_gmt":"2022-07-27T13:13:43","guid":{"rendered":"https:\/\/kindart.is\/product\/anti-occupation-newspaper\/"},"modified":"2022-07-27T13:13:43","modified_gmt":"2022-07-27T13:13:43","slug":"blad-hernamsandstaedinga-2","status":"publish","type":"product","link":"https:\/\/kindart.is\/en\/vara\/blad-hernamsandstaedinga-2\/","title":{"rendered":"Anti-occupation newspaper"},"content":{"rendered":"<p><strong>The occupation opponents<\/strong> &#8216; newspaper, at the student elections in 1958. The front page presents the names of 18 people, including the names of two women and pictures of the top 4 on the list.<br \/>\nEditorial board: Eyvindur Eir\u00edksson. Haraldur Henrysson. Hrafn Hallgr\u00edmsson. Kristmann Eidsson (abm.). Articles written by: Gu\u00f0mundur Steinsson. Ragnar Arnalds. Kristmann Eidsson. Magnus Bjarnfredsson. J\u00f3n M. Samsonarson. \u00c1rni Bj\u00f6rnsson. Finnur T. Hj\u00f6rleifsson.<\/p>\n<p><strong>Publishing and printing<\/strong> :<br \/>\nPublisher: The Association of Radical Students and the Student National Defense Association. Reykjav\u00edk 1958. \u00dej\u00f3\u00f0viljan&#8217;s printing works.<\/p>\n","protected":false},"excerpt":{"rendered":"<p>The occupation opponents &#8216; newspaper, at the student elections in 1958. The front page presents the names of 18 people, including the names of two women and pictures of the top 4 on the list. Editorial board: Eyvindur Eir\u00edksson. Haraldur Henrysson. Hrafn Hallgr\u00edmsson. Kristmann Eidsson (abm.). Articles written by: Gu\u00f0mundur Steinsson. Ragnar Arnalds. Kristmann Eidsson. [&hellip;]<\/p>\n","protected":false},"featured_media":5150,"template":"","meta":{"slim_seo":{"title":"Anti-occupation newspaper - KindArt","description":"The occupation opponents ' newspaper, at the student elections in 1958. The front page presents the names of 18 people, including the names of two women and pic"}},"product_brand":[],"product_cat":[83],"product_tag":[],"class_list":{"0":"post-5151","1":"product","2":"type-product","3":"status-publish","4":"has-post-thumbnail","6":"product_cat-books","7":"product_shipping_class-small-en","9":"first","10":"outofstock","11":"sold-individually","12":"purchasable","13":"product-type-simple"},"_links":{"self":[{"href":"https:\/\/kindart.is\/en\/wp-json\/wp\/v2\/product\/5151","targetHints":{"allow":["GET"]}}],"collection":[{"href":"https:\/\/kindart.is\/en\/wp-json\/wp\/v2\/product"}],"about":[{"href":"https:\/\/kindart.is\/en\/wp-json\/wp\/v2\/types\/product"}],"wp:featuredmedia":[{"embeddable":true,"href":"https:\/\/kindart.is\/en\/wp-json\/wp\/v2\/media\/5150"}],"wp:attachment":[{"href":"https:\/\/kindart.is\/en\/wp-json\/wp\/v2\/media?parent=5151"}],"wp:term":[{"taxonomy":"product_brand","embeddable":true,"href":"https:\/\/kindart.is\/en\/wp-json\/wp\/v2\/product_brand?post=5151"},{"taxonomy":"product_cat","embeddable":true,"href":"https:\/\/kindart.is\/en\/wp-json\/wp\/v2\/product_cat?post=5151"},{"taxonomy":"product_tag","embeddable":true,"href":"https:\/\/kindart.is\/en\/wp-json\/wp\/v2\/product_tag?post=5151"}],"curies":[{"name":"wp","href":"https:\/\/api.w.org\/{rel}","templated":true}]}}