{"id":5161,"date":"2022-07-27T13:20:31","date_gmt":"2022-07-27T13:21:04","guid":{"rendered":"https:\/\/kindart.is\/product\/association-of-young-progressives-reykjavik-30-years\/"},"modified":"2022-07-27T13:21:04","modified_gmt":"2022-07-27T13:21:04","slug":"a-group-of-young-forward-thinking-reykjavik-30-somethings","status":"publish","type":"product","link":"https:\/\/kindart.is\/en\/vara\/a-group-of-young-forward-thinking-reykjavik-30-somethings\/","title":{"rendered":"Association of Young Progressives Reykjav\u00edk 30 years"},"content":{"rendered":"<p><strong>Association of Young Progressives Reykjav\u00edk 30 years old<\/strong> . 1930 \u2013 1960. The newspaper has an article by Einar Sverrisson form. FUF &#8211; Annual wishes from Hermann J\u00f3nasson form. of the progressive party and greetings and articles from many other progressives. Summary of the history of FUF by Eystein Sigur\u00f0sson with pictures of the club&#8217;s pioneers. The paper has 32 pages. and 29.8 X 21.3 cm in size, printed on newsprint.<\/p>\n<p><strong>Publishing and printing<\/strong> :<br \/>\nPublished as a companion to Time. Publishing committee: Eysteinn Sigur\u00f0sson, Sk\u00fali Sigurgr\u00edmsson and T\u00f3mas Karlsson. Reykjav\u00edk 1960. Time&#8217;s printing house.<\/p>\n","protected":false},"excerpt":{"rendered":"<p>Association of Young Progressives Reykjav\u00edk 30 years old . 1930 \u2013 1960. The newspaper has an article by Einar Sverrisson form. FUF &#8211; Annual wishes from Hermann J\u00f3nasson form. of the progressive party and greetings and articles from many other progressives. Summary of the history of FUF by Eystein Sigur\u00f0sson with pictures of the club&#8217;s [&hellip;]<\/p>\n","protected":false},"featured_media":5160,"template":"","meta":{"slim_seo":{"title":"Association of Young Progressives Reykjav\u00edk 30 years - KindArt","description":"Association of Young Progressives Reykjav\u00edk 30 years old . 1930 \u2013 1960. The newspaper has an article by Einar Sverrisson form. FUF - Annual wishes from Hermann"}},"product_brand":[],"product_cat":[83],"product_tag":[],"class_list":{"0":"post-5161","1":"product","2":"type-product","3":"status-publish","4":"has-post-thumbnail","6":"product_cat-books","7":"product_shipping_class-small-en","9":"first","10":"outofstock","11":"sold-individually","12":"purchasable","13":"product-type-simple"},"_links":{"self":[{"href":"https:\/\/kindart.is\/en\/wp-json\/wp\/v2\/product\/5161","targetHints":{"allow":["GET"]}}],"collection":[{"href":"https:\/\/kindart.is\/en\/wp-json\/wp\/v2\/product"}],"about":[{"href":"https:\/\/kindart.is\/en\/wp-json\/wp\/v2\/types\/product"}],"wp:featuredmedia":[{"embeddable":true,"href":"https:\/\/kindart.is\/en\/wp-json\/wp\/v2\/media\/5160"}],"wp:attachment":[{"href":"https:\/\/kindart.is\/en\/wp-json\/wp\/v2\/media?parent=5161"}],"wp:term":[{"taxonomy":"product_brand","embeddable":true,"href":"https:\/\/kindart.is\/en\/wp-json\/wp\/v2\/product_brand?post=5161"},{"taxonomy":"product_cat","embeddable":true,"href":"https:\/\/kindart.is\/en\/wp-json\/wp\/v2\/product_cat?post=5161"},{"taxonomy":"product_tag","embeddable":true,"href":"https:\/\/kindart.is\/en\/wp-json\/wp\/v2\/product_tag?post=5161"}],"curies":[{"name":"wp","href":"https:\/\/api.w.org\/{rel}","templated":true}]}}