{"id":5170,"date":"2022-07-30T20:48:49","date_gmt":"2022-07-30T20:49:24","guid":{"rendered":"https:\/\/kindart.is\/product\/prelude\/"},"modified":"2022-07-30T20:49:24","modified_gmt":"2022-07-30T20:49:24","slug":"foreplay","status":"publish","type":"product","link":"https:\/\/kindart.is\/en\/vara\/foreplay\/","title":{"rendered":"Prelude"},"content":{"rendered":"<p><strong>Prelude<\/strong> . 1. price 1. tbl. November 1958 &#8211; Speech of the youngest generation of artists and art enthusiasts. The main focus was on all kinds of criticism about books, art, drama and music as well as other cultural issues. Editing: Ari J\u00f3sefsson, J\u00f3hann Hj\u00e1lmarsson and \u00de\u00f3ra Elfa Bj\u00f6rnsson. The paper was 38 X 25.6 cm in size and had 8 pages. Only 2 tablets were released. 1. November and 1 december<\/p>\n<p><strong>Publishing and printing<\/strong> :<br \/>\nPublishers: J\u00f3hann Hj\u00e1lmarsson, Ari J\u00f3sefsson, \u00de\u00f3ra Elfa Bj\u00f6rnsson, Atli Heimir Sveinsson, Dagur Sigur\u00f0arson, \u00dalfur Hj\u00f6rvar and \u00deorsteinn J\u00f3nsson from Hamri.<br \/>\nResponsible person Dagur Sigur\u00f0arson. Reykjav\u00edk 1958. H\u00f3lar printing works.<\/p>\n","protected":false},"excerpt":{"rendered":"<p>Prelude . 1. price 1. tbl. November 1958 &#8211; Speech of the youngest generation of artists and art enthusiasts. The main focus was on all kinds of criticism about books, art, drama and music as well as other cultural issues. Editing: Ari J\u00f3sefsson, J\u00f3hann Hj\u00e1lmarsson and \u00de\u00f3ra Elfa Bj\u00f6rnsson. The paper was 38 X 25.6 [&hellip;]<\/p>\n","protected":false},"featured_media":5169,"template":"","meta":{"slim_seo":{"title":"Prelude - KindArt","description":"Prelude . 1. price 1. tbl. November 1958 - Speech of the youngest generation of artists and art enthusiasts. The main focus was on all kinds of criticism about"}},"product_brand":[],"product_cat":[83],"product_tag":[],"class_list":{"0":"post-5170","1":"product","2":"type-product","3":"status-publish","4":"has-post-thumbnail","6":"product_cat-books","7":"product_shipping_class-small-en","9":"first","10":"instock","11":"sold-individually","12":"purchasable","13":"product-type-simple"},"_links":{"self":[{"href":"https:\/\/kindart.is\/en\/wp-json\/wp\/v2\/product\/5170","targetHints":{"allow":["GET"]}}],"collection":[{"href":"https:\/\/kindart.is\/en\/wp-json\/wp\/v2\/product"}],"about":[{"href":"https:\/\/kindart.is\/en\/wp-json\/wp\/v2\/types\/product"}],"wp:featuredmedia":[{"embeddable":true,"href":"https:\/\/kindart.is\/en\/wp-json\/wp\/v2\/media\/5169"}],"wp:attachment":[{"href":"https:\/\/kindart.is\/en\/wp-json\/wp\/v2\/media?parent=5170"}],"wp:term":[{"taxonomy":"product_brand","embeddable":true,"href":"https:\/\/kindart.is\/en\/wp-json\/wp\/v2\/product_brand?post=5170"},{"taxonomy":"product_cat","embeddable":true,"href":"https:\/\/kindart.is\/en\/wp-json\/wp\/v2\/product_cat?post=5170"},{"taxonomy":"product_tag","embeddable":true,"href":"https:\/\/kindart.is\/en\/wp-json\/wp\/v2\/product_tag?post=5170"}],"curies":[{"name":"wp","href":"https:\/\/api.w.org\/{rel}","templated":true}]}}