{"id":5180,"date":"2022-07-30T20:55:46","date_gmt":"2022-07-30T20:56:22","guid":{"rendered":"https:\/\/kindart.is\/product\/the-mockingbird\/"},"modified":"2022-07-30T20:56:22","modified_gmt":"2022-07-30T20:56:22","slug":"the-hadbird","status":"publish","type":"product","link":"https:\/\/kindart.is\/en\/vara\/the-hadbird\/","title":{"rendered":"The mockingbird"},"content":{"rendered":"<p><strong>The mockingbird<\/strong> (turdus poliglottus) started flying in July 1949 and performed a number of skits, parodies and caricatures. Editor and co. God Sigur\u00f0sson, Holtsgatu 14a. The magazine&#8217;s cartoonist is not mentioned, but the jokes are under the pseudonym Kolbeinn kaldl\u00f8s. The newspaper is not registered in timarit.is, but it seems likely that only 4 issues were published, but here only 3 issues are offered for purchase: The size is approx.: 28 X 22 cm Wire bound.<\/p>\n<p>Issue 1, July 1949 \u2013 20 pages. with a coat.<br \/>\nIssue 2, August 1949 \u2013 missing.<br \/>\nIssue 3, Sep.-Oct. 1949 \u2013 20 p. with a coat.<br \/>\nIssue 4, Nov.-Dec. 1949 \u2013 24 p. with a coat.<\/p>\n<p><strong>Publishing and printing<\/strong> :<br \/>\nPublisher: H\u00e5\u00f0f\u00faglavinaf\u00e9lagi\u00f0. Delivery: Bookshop Arnarfell, Laugavegi 15 Reykjav\u00edk 1949. In-floor print.<\/p>\n","protected":false},"excerpt":{"rendered":"<p>The mockingbird (turdus poliglottus) started flying in July 1949 and performed a number of skits, parodies and caricatures. Editor and co. God Sigur\u00f0sson, Holtsgatu 14a. The magazine&#8217;s cartoonist is not mentioned, but the jokes are under the pseudonym Kolbeinn kaldl\u00f8s. The newspaper is not registered in timarit.is, but it seems likely that only 4 issues [&hellip;]<\/p>\n","protected":false},"featured_media":5174,"template":"","meta":{"slim_seo":{"title":"The mockingbird - KindArt","description":"The mockingbird (turdus poliglottus) started flying in July 1949 and performed a number of skits, parodies and caricatures. Editor and co. God Sigur\u00f0sson, Holts"}},"product_brand":[],"product_cat":[83],"product_tag":[],"class_list":{"0":"post-5180","1":"product","2":"type-product","3":"status-publish","4":"has-post-thumbnail","6":"product_cat-books","7":"product_shipping_class-small-en","9":"first","10":"instock","11":"sold-individually","12":"purchasable","13":"product-type-simple"},"_links":{"self":[{"href":"https:\/\/kindart.is\/en\/wp-json\/wp\/v2\/product\/5180","targetHints":{"allow":["GET"]}}],"collection":[{"href":"https:\/\/kindart.is\/en\/wp-json\/wp\/v2\/product"}],"about":[{"href":"https:\/\/kindart.is\/en\/wp-json\/wp\/v2\/types\/product"}],"wp:featuredmedia":[{"embeddable":true,"href":"https:\/\/kindart.is\/en\/wp-json\/wp\/v2\/media\/5174"}],"wp:attachment":[{"href":"https:\/\/kindart.is\/en\/wp-json\/wp\/v2\/media?parent=5180"}],"wp:term":[{"taxonomy":"product_brand","embeddable":true,"href":"https:\/\/kindart.is\/en\/wp-json\/wp\/v2\/product_brand?post=5180"},{"taxonomy":"product_cat","embeddable":true,"href":"https:\/\/kindart.is\/en\/wp-json\/wp\/v2\/product_cat?post=5180"},{"taxonomy":"product_tag","embeddable":true,"href":"https:\/\/kindart.is\/en\/wp-json\/wp\/v2\/product_tag?post=5180"}],"curies":[{"name":"wp","href":"https:\/\/api.w.org\/{rel}","templated":true}]}}