{"id":5185,"date":"2022-07-30T21:01:42","date_gmt":"2022-07-30T21:02:13","guid":{"rendered":"https:\/\/kindart.is\/product\/in-womens-hands\/"},"modified":"2022-07-30T21:02:13","modified_gmt":"2022-07-30T21:02:13","slug":"i-female-dogs","status":"publish","type":"product","link":"https:\/\/kindart.is\/en\/vara\/i-female-dogs\/","title":{"rendered":"In women&#8217;s hands"},"content":{"rendered":"<p><strong>In women&#8217;s hands<\/strong>. A love story from Skerjafj\u00f6r\u00f0ur by Reykv\u00edking. This is a small book, 17.8 X 12.5 cm in size and 24 pages, without pagination. The piece is in a cover with preforms and has been cross-stitched, but the wire stapling is no longer present. On the back of the cover page is an advertisement from the printing company MG prenti and it is stated at Laugaveg 24c.<\/p>\n<p><strong>Publishing and printing<\/strong> :<br \/>\nPublisher is not mentioned. Reykjav\u00edk 1937. MG Printing.<\/p>\n","protected":false},"excerpt":{"rendered":"<p>In women&#8217;s hands. A love story from Skerjafj\u00f6r\u00f0ur by Reykv\u00edking. This is a small book, 17.8 X 12.5 cm in size and 24 pages, without pagination. The piece is in a cover with preforms and has been cross-stitched, but the wire stapling is no longer present. On the back of the cover page is an [&hellip;]<\/p>\n","protected":false},"featured_media":5184,"template":"","meta":{"slim_seo":{"title":"In women's hands - KindArt","description":"In women's hands . A love story from Skerjafj\u00f6r\u00f0ur by Reykv\u00edking. This is a small book, 17.8 X 12.5 cm in size and 24 pages, without pagination. The piece is in"}},"product_brand":[],"product_cat":[83],"product_tag":[],"class_list":{"0":"post-5185","1":"product","2":"type-product","3":"status-publish","4":"has-post-thumbnail","6":"product_cat-books","7":"product_shipping_class-small-en","9":"first","10":"outofstock","11":"sold-individually","12":"purchasable","13":"product-type-simple"},"_links":{"self":[{"href":"https:\/\/kindart.is\/en\/wp-json\/wp\/v2\/product\/5185","targetHints":{"allow":["GET"]}}],"collection":[{"href":"https:\/\/kindart.is\/en\/wp-json\/wp\/v2\/product"}],"about":[{"href":"https:\/\/kindart.is\/en\/wp-json\/wp\/v2\/types\/product"}],"wp:featuredmedia":[{"embeddable":true,"href":"https:\/\/kindart.is\/en\/wp-json\/wp\/v2\/media\/5184"}],"wp:attachment":[{"href":"https:\/\/kindart.is\/en\/wp-json\/wp\/v2\/media?parent=5185"}],"wp:term":[{"taxonomy":"product_brand","embeddable":true,"href":"https:\/\/kindart.is\/en\/wp-json\/wp\/v2\/product_brand?post=5185"},{"taxonomy":"product_cat","embeddable":true,"href":"https:\/\/kindart.is\/en\/wp-json\/wp\/v2\/product_cat?post=5185"},{"taxonomy":"product_tag","embeddable":true,"href":"https:\/\/kindart.is\/en\/wp-json\/wp\/v2\/product_tag?post=5185"}],"curies":[{"name":"wp","href":"https:\/\/api.w.org\/{rel}","templated":true}]}}