{"id":5196,"date":"2022-07-30T21:10:05","date_gmt":"2022-07-30T21:10:33","guid":{"rendered":"https:\/\/kindart.is\/product\/christian-festivals-in-kjalarness-diocese\/"},"modified":"2022-07-30T21:10:33","modified_gmt":"2022-07-30T21:10:33","slug":"kristnihatidir-i-kjalarnessprofastsdaemi-2","status":"publish","type":"product","link":"https:\/\/kindart.is\/en\/vara\/kristnihatidir-i-kjalarnessprofastsdaemi-2\/","title":{"rendered":"Christian festivals in Kjalarness diocese"},"content":{"rendered":"<p><strong>Christian festivals in Kjalarness diocese<\/strong> . Sheet music or song book[21 t\u00f3nverk] published by the members of the church and here the history of the church in the diocese is traced in the introduction to the book by Dr. Gunnar Kristj\u00e1nsson is tested. Cover photo: Altarpiece from Saurb\u00e6r Church in Kjalarnes. Dinner movie by Sveinunga Sveinungason. Painted in 1892.[Sveinungi var l\u00edka \u00feekktur b\u00f3kbindari \u00e1 sinni t\u00ed\u00f0] . The book is 29.7 X 20.2 cm in size, wire binding, 74 pages. and cardboard cover.<\/p>\n<p><strong>Publishing and printing<\/strong> :<br \/>\nPublisher and reproduction: Office of the Song Director of the National Church. Editing and management: Sr. Gunnar Kristj\u00e1nsson provost and Haukur Gu\u00f0laugsson. In the year 2000. Cover printing: Stapaprent Keflav\u00edk.<\/p>\n","protected":false},"excerpt":{"rendered":"<p>Christian festivals in Kjalarness diocese . Sheet music or song book[21 t\u00f3nverk] published by the members of the church and here the history of the church in the diocese is traced in the introduction to the book by Dr. Gunnar Kristj\u00e1nsson is tested. Cover photo: Altarpiece from Saurb\u00e6r Church in Kjalarnes. Dinner movie by Sveinunga [&hellip;]<\/p>\n","protected":false},"featured_media":5195,"template":"","meta":{"slim_seo":{"title":"Christian festivals in Kjalarness diocese - KindArt","description":"Christian festivals in Kjalarness diocese . Sheet music or song book[21 t\u00f3nverk] published by the members of the church and here the history of the church in th"}},"product_brand":[],"product_cat":[83],"product_tag":[],"class_list":{"0":"post-5196","1":"product","2":"type-product","3":"status-publish","4":"has-post-thumbnail","6":"product_cat-books","7":"product_shipping_class-small-en","9":"first","10":"instock","11":"sold-individually","12":"purchasable","13":"product-type-simple"},"_links":{"self":[{"href":"https:\/\/kindart.is\/en\/wp-json\/wp\/v2\/product\/5196","targetHints":{"allow":["GET"]}}],"collection":[{"href":"https:\/\/kindart.is\/en\/wp-json\/wp\/v2\/product"}],"about":[{"href":"https:\/\/kindart.is\/en\/wp-json\/wp\/v2\/types\/product"}],"wp:featuredmedia":[{"embeddable":true,"href":"https:\/\/kindart.is\/en\/wp-json\/wp\/v2\/media\/5195"}],"wp:attachment":[{"href":"https:\/\/kindart.is\/en\/wp-json\/wp\/v2\/media?parent=5196"}],"wp:term":[{"taxonomy":"product_brand","embeddable":true,"href":"https:\/\/kindart.is\/en\/wp-json\/wp\/v2\/product_brand?post=5196"},{"taxonomy":"product_cat","embeddable":true,"href":"https:\/\/kindart.is\/en\/wp-json\/wp\/v2\/product_cat?post=5196"},{"taxonomy":"product_tag","embeddable":true,"href":"https:\/\/kindart.is\/en\/wp-json\/wp\/v2\/product_tag?post=5196"}],"curies":[{"name":"wp","href":"https:\/\/api.w.org\/{rel}","templated":true}]}}