{"id":5212,"date":"2022-08-11T23:55:48","date_gmt":"2022-08-11T23:56:26","guid":{"rendered":"https:\/\/kindart.is\/product\/the-voice-of-youth\/"},"modified":"2022-08-11T23:56:26","modified_gmt":"2022-08-11T23:56:26","slug":"rodd-aeskuna","status":"publish","type":"product","link":"https:\/\/kindart.is\/en\/vara\/rodd-aeskuna\/","title":{"rendered":"The voice of youth"},"content":{"rendered":"<p><strong>The voice of youth<\/strong>. Speech of young social democrats. 4th year 1st table without year. Election newspaper of young social democrats in Hafnarfj\u00f6r\u00f0ur. &#8211; Ed. and abm.: Ingvar Viktorsson, Gissur Kristj\u00e1nsson and Sveinn Sigur\u00f0sson. On the front page there is a photo from Hafnarfj\u00f6r\u00f0ur and under it is written: You h\u00fdri Hafnarfj\u00f6r\u00f0ur and the headline of the front page article is: The People&#8217;s Party is the party of the youth, and the A-list is the list of the young people. At the bottom of the page it says that the elections are on May 22, but the year is missing. The size of the paper is: 36.5 X 24.5 cm and 8 pages. Printed on newsprint.<\/p>\n<p><strong>Publishing and printing<\/strong> :<br \/>\nPublisher: F\u00e9lag ungar jana\u00f0armanna, Hafnarfj\u00f6r\u00f0ur, missing year. Printing house not mentioned.<\/p>\n","protected":false},"excerpt":{"rendered":"<p>The voice of youth. Speech of young social democrats. 4th year 1st table without year. Election newspaper of young social democrats in Hafnarfj\u00f6r\u00f0ur. &#8211; Ed. and abm.: Ingvar Viktorsson, Gissur Kristj\u00e1nsson and Sveinn Sigur\u00f0sson. On the front page there is a photo from Hafnarfj\u00f6r\u00f0ur and under it is written: You h\u00fdri Hafnarfj\u00f6r\u00f0ur and the headline [&hellip;]<\/p>\n","protected":false},"featured_media":5211,"template":"","meta":{"slim_seo":{"title":"The voice of youth - KindArt","description":"The voice of youth . Speech of young social democrats. 4th year 1st table without year. Election newspaper of young social democrats in Hafnarfj\u00f6r\u00f0ur. - Ed. and"}},"product_brand":[],"product_cat":[83],"product_tag":[],"class_list":{"0":"post-5212","1":"product","2":"type-product","3":"status-publish","4":"has-post-thumbnail","6":"product_cat-books","7":"product_shipping_class-small-en","9":"first","10":"outofstock","11":"sold-individually","12":"purchasable","13":"product-type-simple"},"_links":{"self":[{"href":"https:\/\/kindart.is\/en\/wp-json\/wp\/v2\/product\/5212","targetHints":{"allow":["GET"]}}],"collection":[{"href":"https:\/\/kindart.is\/en\/wp-json\/wp\/v2\/product"}],"about":[{"href":"https:\/\/kindart.is\/en\/wp-json\/wp\/v2\/types\/product"}],"wp:featuredmedia":[{"embeddable":true,"href":"https:\/\/kindart.is\/en\/wp-json\/wp\/v2\/media\/5211"}],"wp:attachment":[{"href":"https:\/\/kindart.is\/en\/wp-json\/wp\/v2\/media?parent=5212"}],"wp:term":[{"taxonomy":"product_brand","embeddable":true,"href":"https:\/\/kindart.is\/en\/wp-json\/wp\/v2\/product_brand?post=5212"},{"taxonomy":"product_cat","embeddable":true,"href":"https:\/\/kindart.is\/en\/wp-json\/wp\/v2\/product_cat?post=5212"},{"taxonomy":"product_tag","embeddable":true,"href":"https:\/\/kindart.is\/en\/wp-json\/wp\/v2\/product_tag?post=5212"}],"curies":[{"name":"wp","href":"https:\/\/api.w.org\/{rel}","templated":true}]}}