{"id":5221,"date":"2022-08-12T00:00:37","date_gmt":"2022-08-12T00:02:06","guid":{"rendered":"https:\/\/kindart.is\/product\/student-newspaper\/"},"modified":"2022-08-12T00:02:06","modified_gmt":"2022-08-12T00:02:06","slug":"student-magazine","status":"publish","type":"product","link":"https:\/\/kindart.is\/en\/vara\/student-magazine\/","title":{"rendered":"Student newspaper"},"content":{"rendered":"<p><strong>Student newspaper<\/strong> Dec 1 1959, 36th year 5th tabl. The paper begins with an address by the chairman of the Student Council, \u00c1rna Gr\u00e9tar Finnsson, support. jur.- There are also articles on: Land protection, manuscripts, the University Library, Iceland&#8217;s independence and poems by J\u00f3hannes \u00far K\u00f6tlum and J\u00f3hannes Sv. Choice. The magazine is wire bound, 27.6 X 21.4 cm in size and 68 pages. with a coat.<\/p>\n<p><strong>Publishing and printing<\/strong> :<br \/>\nPublisher: Student Council of the University of Iceland. Editorial board: Bragi Kristj\u00f3nsson, Halld\u00f3r Bl\u00f6ndal, P\u00e9tur A. J\u00f3nsson, J\u00f3n E. Einarsson and Eysteinn \u00deorvaldsson. Reykjav\u00edk 1959. Al\u00fe\u00fd\u00f0uprentsmi\u00f0jan.<\/p>\n","protected":false},"excerpt":{"rendered":"<p>Student newspaper Dec 1 1959, 36th year 5th tabl. The paper begins with an address by the chairman of the Student Council, \u00c1rna Gr\u00e9tar Finnsson, support. jur.- There are also articles on: Land protection, manuscripts, the University Library, Iceland&#8217;s independence and poems by J\u00f3hannes \u00far K\u00f6tlum and J\u00f3hannes Sv. Choice. The magazine is wire bound, [&hellip;]<\/p>\n","protected":false},"featured_media":5216,"template":"","meta":{"slim_seo":{"title":"Student newspaper - KindArt","description":"Student newspaper Dec 1 1959, 36th year 5th tabl. The paper begins with an address by the chairman of the Student Council, \u00c1rna Gr\u00e9tar Finnsson, support. jur.-"}},"product_brand":[],"product_cat":[83],"product_tag":[],"class_list":{"0":"post-5221","1":"product","2":"type-product","3":"status-publish","4":"has-post-thumbnail","6":"product_cat-books","7":"product_shipping_class-small-en","9":"first","10":"instock","11":"sold-individually","12":"purchasable","13":"product-type-simple"},"_links":{"self":[{"href":"https:\/\/kindart.is\/en\/wp-json\/wp\/v2\/product\/5221","targetHints":{"allow":["GET"]}}],"collection":[{"href":"https:\/\/kindart.is\/en\/wp-json\/wp\/v2\/product"}],"about":[{"href":"https:\/\/kindart.is\/en\/wp-json\/wp\/v2\/types\/product"}],"wp:featuredmedia":[{"embeddable":true,"href":"https:\/\/kindart.is\/en\/wp-json\/wp\/v2\/media\/5216"}],"wp:attachment":[{"href":"https:\/\/kindart.is\/en\/wp-json\/wp\/v2\/media?parent=5221"}],"wp:term":[{"taxonomy":"product_brand","embeddable":true,"href":"https:\/\/kindart.is\/en\/wp-json\/wp\/v2\/product_brand?post=5221"},{"taxonomy":"product_cat","embeddable":true,"href":"https:\/\/kindart.is\/en\/wp-json\/wp\/v2\/product_cat?post=5221"},{"taxonomy":"product_tag","embeddable":true,"href":"https:\/\/kindart.is\/en\/wp-json\/wp\/v2\/product_tag?post=5221"}],"curies":[{"name":"wp","href":"https:\/\/api.w.org\/{rel}","templated":true}]}}