{"id":5229,"date":"2022-08-12T22:03:03","date_gmt":"2022-08-12T22:03:48","guid":{"rendered":"https:\/\/kindart.is\/product\/the-keflavik-walk\/"},"modified":"2022-08-12T22:03:48","modified_gmt":"2022-08-12T22:03:48","slug":"the-bowling-week-walk","status":"publish","type":"product","link":"https:\/\/kindart.is\/en\/vara\/the-bowling-week-walk\/","title":{"rendered":"The Keflav\u00edk walk"},"content":{"rendered":"<p><strong>The Keflav\u00edk walk<\/strong> . Leaflet about the Keflav\u00edk walk. Base opponents write articles and are interviewed. Editorial board: Einar Bragi (abm.), Gils Gu\u00f0mundsson, Hannes Sigf\u00fasson and J\u00f3nas \u00c1rnason. Leadership article: Twenty years in the shackles of occupation by Einar Braga. There are a number of photos in the publication, and Ari K\u00e1rason is the photographer for most of them. Size: 28.5 X 23.8 cm. \u2013 50 pages + 12 advertising pages and a cover.<\/p>\n<p><strong>Publishing and printing<\/strong> :<br \/>\nPublisher: Executive Council of the Keflav\u00edk Walk. Reykjav\u00edk 1960. Photo session: Lir\u00f3f. J\u00f3n Helgason&#8217;s printing works.<\/p>\n","protected":false},"excerpt":{"rendered":"<p>The Keflav\u00edk walk . Leaflet about the Keflav\u00edk walk. Base opponents write articles and are interviewed. Editorial board: Einar Bragi (abm.), Gils Gu\u00f0mundsson, Hannes Sigf\u00fasson and J\u00f3nas \u00c1rnason. Leadership article: Twenty years in the shackles of occupation by Einar Braga. There are a number of photos in the publication, and Ari K\u00e1rason is the photographer [&hellip;]<\/p>\n","protected":false},"featured_media":5226,"template":"","meta":{"slim_seo":{"title":"The Keflav\u00edk walk - KindArt","description":"The Keflav\u00edk walk . Leaflet about the Keflav\u00edk walk. Base opponents write articles and are interviewed. Editorial board: Einar Bragi (abm.), Gils Gu\u00f0mundsson, H"}},"product_brand":[],"product_cat":[83],"product_tag":[],"class_list":{"0":"post-5229","1":"product","2":"type-product","3":"status-publish","4":"has-post-thumbnail","6":"product_cat-books","7":"product_shipping_class-small-en","9":"first","10":"outofstock","11":"sold-individually","12":"purchasable","13":"product-type-simple"},"_links":{"self":[{"href":"https:\/\/kindart.is\/en\/wp-json\/wp\/v2\/product\/5229","targetHints":{"allow":["GET"]}}],"collection":[{"href":"https:\/\/kindart.is\/en\/wp-json\/wp\/v2\/product"}],"about":[{"href":"https:\/\/kindart.is\/en\/wp-json\/wp\/v2\/types\/product"}],"wp:featuredmedia":[{"embeddable":true,"href":"https:\/\/kindart.is\/en\/wp-json\/wp\/v2\/media\/5226"}],"wp:attachment":[{"href":"https:\/\/kindart.is\/en\/wp-json\/wp\/v2\/media?parent=5229"}],"wp:term":[{"taxonomy":"product_brand","embeddable":true,"href":"https:\/\/kindart.is\/en\/wp-json\/wp\/v2\/product_brand?post=5229"},{"taxonomy":"product_cat","embeddable":true,"href":"https:\/\/kindart.is\/en\/wp-json\/wp\/v2\/product_cat?post=5229"},{"taxonomy":"product_tag","embeddable":true,"href":"https:\/\/kindart.is\/en\/wp-json\/wp\/v2\/product_tag?post=5229"}],"curies":[{"name":"wp","href":"https:\/\/api.w.org\/{rel}","templated":true}]}}