{"id":5238,"date":"2022-08-12T22:09:52","date_gmt":"2022-08-12T22:10:46","guid":{"rendered":"https:\/\/kindart.is\/product\/olavsokan-1943\/"},"modified":"2022-08-12T22:10:46","modified_gmt":"2022-08-12T22:10:46","slug":"olavsokan-1943-2","status":"publish","type":"product","link":"https:\/\/kindart.is\/en\/vara\/olavsokan-1943-2\/","title":{"rendered":"\u00d3lavs\u00f8kan 1943"},"content":{"rendered":"<p><strong>\u00d3lavs\u00f8kan<\/strong> <strong>1943<\/strong> . The newspaper of the Faroese Association in Reykjav\u00edk with articles and poems by both Icelandic and Faroese people. There are poems and rhymes about the teacher A\u00f0alstein Sigmundsson and the poet S\u00edmun av Skar\u00f0i by J\u00f3hannes \u00far K\u00f6tlum, together with a picture of them together. The paper was published at the founding of the Faroe Islands Association on \u00d3lav&#8217;s Vigil Day, 29 July 1943. It is wire bound and its size is 27.7 X 21 cm, 30 pages. and cover.<\/p>\n<p><strong>Publishing and printing<\/strong> :<br \/>\nPublisher: F\u00f6royingafelagi\u00f0 in Reykjav\u00edk, 1943. A printing house is not mentioned.<\/p>\n","protected":false},"excerpt":{"rendered":"<p>\u00d3lavs\u00f8kan 1943 . The newspaper of the Faroese Association in Reykjav\u00edk with articles and poems by both Icelandic and Faroese people. There are poems and rhymes about the teacher A\u00f0alstein Sigmundsson and the poet S\u00edmun av Skar\u00f0i by J\u00f3hannes \u00far K\u00f6tlum, together with a picture of them together. The paper was published at the founding [&hellip;]<\/p>\n","protected":false},"featured_media":5233,"template":"","meta":{"slim_seo":{"title":"\u00d3lavs\u00f8kan 1943 - KindArt","description":"\u00d3lavs\u00f8kan 1943 . The newspaper of the Faroese Association in Reykjav\u00edk with articles and poems by both Icelandic and Faroese people. There are poems and rhymes"}},"product_brand":[],"product_cat":[83],"product_tag":[],"class_list":{"0":"post-5238","1":"product","2":"type-product","3":"status-publish","4":"has-post-thumbnail","6":"product_cat-books","7":"product_shipping_class-small-en","9":"first","10":"instock","11":"sold-individually","12":"purchasable","13":"product-type-simple"},"_links":{"self":[{"href":"https:\/\/kindart.is\/en\/wp-json\/wp\/v2\/product\/5238","targetHints":{"allow":["GET"]}}],"collection":[{"href":"https:\/\/kindart.is\/en\/wp-json\/wp\/v2\/product"}],"about":[{"href":"https:\/\/kindart.is\/en\/wp-json\/wp\/v2\/types\/product"}],"wp:featuredmedia":[{"embeddable":true,"href":"https:\/\/kindart.is\/en\/wp-json\/wp\/v2\/media\/5233"}],"wp:attachment":[{"href":"https:\/\/kindart.is\/en\/wp-json\/wp\/v2\/media?parent=5238"}],"wp:term":[{"taxonomy":"product_brand","embeddable":true,"href":"https:\/\/kindart.is\/en\/wp-json\/wp\/v2\/product_brand?post=5238"},{"taxonomy":"product_cat","embeddable":true,"href":"https:\/\/kindart.is\/en\/wp-json\/wp\/v2\/product_cat?post=5238"},{"taxonomy":"product_tag","embeddable":true,"href":"https:\/\/kindart.is\/en\/wp-json\/wp\/v2\/product_tag?post=5238"}],"curies":[{"name":"wp","href":"https:\/\/api.w.org\/{rel}","templated":true}]}}