{"id":5248,"date":"2022-08-12T22:25:48","date_gmt":"2022-08-12T22:26:17","guid":{"rendered":"https:\/\/kindart.is\/product\/sailors-christmas-1954\/"},"modified":"2022-08-12T22:26:17","modified_gmt":"2022-08-12T22:26:17","slug":"sjomannajol-1954-2","status":"publish","type":"product","link":"https:\/\/kindart.is\/en\/vara\/sjomannajol-1954-2\/","title":{"rendered":"Sailor&#8217;s Christmas 1954"},"content":{"rendered":"<p><strong>Sailor&#8217;s Christmas 1954<\/strong> . The newspaper is dedicated to fishermen and the fishing industry. Gils Gu\u00f0mundsson writes the first article called: Sailing and folk culture, but it was a talk he gave on the Seamen&#8217;s Day in 1944. There is also an article about the manuscript issue, and Gils writes about Icelanders&#8217; fishing in past centuries, etc. articles are in the paper The publication is wire bound, 27.7 X 22 cm in size and 48 pages. and cardboard cover.<\/p>\n<p><strong>Publishing and printing<\/strong> :<br \/>\nPublisher: Gils Gu\u00f0mundsson. Reykjav\u00edk 1954. Prentsmi\u00f0jan Oddi.<\/p>\n","protected":false},"excerpt":{"rendered":"<p>Sailor&#8217;s Christmas 1954 . The newspaper is dedicated to fishermen and the fishing industry. Gils Gu\u00f0mundsson writes the first article called: Sailing and folk culture, but it was a talk he gave on the Seamen&#8217;s Day in 1944. There is also an article about the manuscript issue, and Gils writes about Icelanders&#8217; fishing in past [&hellip;]<\/p>\n","protected":false},"featured_media":5247,"template":"","meta":{"slim_seo":{"title":"Sailor's Christmas 1954 - KindArt","description":"Sailor's Christmas 1954 . The newspaper is dedicated to fishermen and the fishing industry. Gils Gu\u00f0mundsson writes the first article called: Sailing and folk c"}},"product_brand":[],"product_cat":[83],"product_tag":[],"class_list":{"0":"post-5248","1":"product","2":"type-product","3":"status-publish","4":"has-post-thumbnail","6":"product_cat-books","7":"product_shipping_class-small-en","9":"first","10":"instock","11":"sold-individually","12":"purchasable","13":"product-type-simple"},"_links":{"self":[{"href":"https:\/\/kindart.is\/en\/wp-json\/wp\/v2\/product\/5248","targetHints":{"allow":["GET"]}}],"collection":[{"href":"https:\/\/kindart.is\/en\/wp-json\/wp\/v2\/product"}],"about":[{"href":"https:\/\/kindart.is\/en\/wp-json\/wp\/v2\/types\/product"}],"wp:featuredmedia":[{"embeddable":true,"href":"https:\/\/kindart.is\/en\/wp-json\/wp\/v2\/media\/5247"}],"wp:attachment":[{"href":"https:\/\/kindart.is\/en\/wp-json\/wp\/v2\/media?parent=5248"}],"wp:term":[{"taxonomy":"product_brand","embeddable":true,"href":"https:\/\/kindart.is\/en\/wp-json\/wp\/v2\/product_brand?post=5248"},{"taxonomy":"product_cat","embeddable":true,"href":"https:\/\/kindart.is\/en\/wp-json\/wp\/v2\/product_cat?post=5248"},{"taxonomy":"product_tag","embeddable":true,"href":"https:\/\/kindart.is\/en\/wp-json\/wp\/v2\/product_tag?post=5248"}],"curies":[{"name":"wp","href":"https:\/\/api.w.org\/{rel}","templated":true}]}}