{"id":5262,"date":"2022-08-21T11:44:48","date_gmt":"2022-08-21T11:45:33","guid":{"rendered":"https:\/\/kindart.is\/product\/viking-2\/"},"modified":"2022-08-21T11:45:33","modified_gmt":"2022-08-21T11:45:33","slug":"vikingur-2-2","status":"publish","type":"product","link":"https:\/\/kindart.is\/en\/vara\/vikingur-2-2\/","title":{"rendered":"Viking"},"content":{"rendered":"<p><strong>V\u00edkingur<\/strong> , 1st year 1.tbl. March 17. 1933. Academic and entertainment magazine with pictures. Editor: J\u00f3n P\u00e1lsson. Only 2 tablets were released. the other was published on March 31, 1933. The delivery of the paper was at Nj\u00e1lsgatu 40. J\u00f3n P\u00e1lsson was a bookbinder, but worked a lot on youth issues on behalf of the city of Reykjav\u00edk in his time. The paper was 1 sheet, 16 pages. 26.5 X 18.8 cm in size and the sheet was printed in red on one side.<\/p>\n<p><strong>Publishing and printing<\/strong> :<br \/>\nPublisher: Prentsmidjan Vi\u00f0ey, T\u00fang\u00e1ta 5. Reykjav\u00edk 1933. Printing house Vi\u00f0ey.<\/p>\n","protected":false},"excerpt":{"rendered":"<p>V\u00edkingur , 1st year 1.tbl. March 17. 1933. Academic and entertainment magazine with pictures. Editor: J\u00f3n P\u00e1lsson. Only 2 tablets were released. the other was published on March 31, 1933. The delivery of the paper was at Nj\u00e1lsgatu 40. J\u00f3n P\u00e1lsson was a bookbinder, but worked a lot on youth issues on behalf of the [&hellip;]<\/p>\n","protected":false},"featured_media":5260,"template":"","meta":{"slim_seo":{"title":"Viking - KindArt","description":"V\u00edkingur , 1st year 1.tbl. March 17. 1933. Academic and entertainment magazine with pictures. Editor: J\u00f3n P\u00e1lsson. Only 2 tablets were released. the other was p"}},"product_brand":[],"product_cat":[83],"product_tag":[],"class_list":{"0":"post-5262","1":"product","2":"type-product","3":"status-publish","4":"has-post-thumbnail","6":"product_cat-books","7":"product_shipping_class-small-en","9":"first","10":"instock","11":"sold-individually","12":"purchasable","13":"product-type-simple"},"_links":{"self":[{"href":"https:\/\/kindart.is\/en\/wp-json\/wp\/v2\/product\/5262","targetHints":{"allow":["GET"]}}],"collection":[{"href":"https:\/\/kindart.is\/en\/wp-json\/wp\/v2\/product"}],"about":[{"href":"https:\/\/kindart.is\/en\/wp-json\/wp\/v2\/types\/product"}],"wp:featuredmedia":[{"embeddable":true,"href":"https:\/\/kindart.is\/en\/wp-json\/wp\/v2\/media\/5260"}],"wp:attachment":[{"href":"https:\/\/kindart.is\/en\/wp-json\/wp\/v2\/media?parent=5262"}],"wp:term":[{"taxonomy":"product_brand","embeddable":true,"href":"https:\/\/kindart.is\/en\/wp-json\/wp\/v2\/product_brand?post=5262"},{"taxonomy":"product_cat","embeddable":true,"href":"https:\/\/kindart.is\/en\/wp-json\/wp\/v2\/product_cat?post=5262"},{"taxonomy":"product_tag","embeddable":true,"href":"https:\/\/kindart.is\/en\/wp-json\/wp\/v2\/product_tag?post=5262"}],"curies":[{"name":"wp","href":"https:\/\/api.w.org\/{rel}","templated":true}]}}