{"id":5269,"date":"2022-08-21T11:50:57","date_gmt":"2022-08-21T11:51:26","guid":{"rendered":"https:\/\/kindart.is\/product\/faith\/"},"modified":"2022-08-21T11:51:26","modified_gmt":"2022-08-21T11:51:26","slug":"tru-2","status":"publish","type":"product","link":"https:\/\/kindart.is\/en\/vara\/tru-2\/","title":{"rendered":"Faith"},"content":{"rendered":"<p><strong>Faith<\/strong> . A monthly magazine about Christian truth and religious life. This publication was regularly published monthly in the years 1904-1906, but in 1907 only 5 issues were published. The size of the publication is: 22.7 X 14.3 cm and 8 pages.<\/p>\n<p>Issues for sale:<br \/>\n1st year. No. 2, 1904<br \/>\n2nd year. No. 9, 1905<\/p>\n<p><strong>Publishing and printing<\/strong> :<br \/>\nPublisher and Guarantor: Samuel O. Johnson, Missionary. Reykjav\u00edk 1904. \u00dej\u00f3\u00f0\u00f3lfur&#8217;s printing works.<\/p>\n","protected":false},"excerpt":{"rendered":"<p>Faith . A monthly magazine about Christian truth and religious life. This publication was regularly published monthly in the years 1904-1906, but in 1907 only 5 issues were published. The size of the publication is: 22.7 X 14.3 cm and 8 pages. Issues for sale: 1st year. No. 2, 1904 2nd year. No. 9, 1905 [&hellip;]<\/p>\n","protected":false},"featured_media":5266,"template":"","meta":{"slim_seo":{"title":"Faith - KindArt","description":"Faith . A monthly magazine about Christian truth and religious life. This publication was regularly published monthly in the years 1904-1906, but in 1907 only 5"}},"product_brand":[],"product_cat":[83],"product_tag":[],"class_list":{"0":"post-5269","1":"product","2":"type-product","3":"status-publish","4":"has-post-thumbnail","6":"product_cat-books","7":"product_shipping_class-small-en","9":"first","10":"outofstock","11":"sold-individually","12":"purchasable","13":"product-type-simple"},"_links":{"self":[{"href":"https:\/\/kindart.is\/en\/wp-json\/wp\/v2\/product\/5269","targetHints":{"allow":["GET"]}}],"collection":[{"href":"https:\/\/kindart.is\/en\/wp-json\/wp\/v2\/product"}],"about":[{"href":"https:\/\/kindart.is\/en\/wp-json\/wp\/v2\/types\/product"}],"wp:featuredmedia":[{"embeddable":true,"href":"https:\/\/kindart.is\/en\/wp-json\/wp\/v2\/media\/5266"}],"wp:attachment":[{"href":"https:\/\/kindart.is\/en\/wp-json\/wp\/v2\/media?parent=5269"}],"wp:term":[{"taxonomy":"product_brand","embeddable":true,"href":"https:\/\/kindart.is\/en\/wp-json\/wp\/v2\/product_brand?post=5269"},{"taxonomy":"product_cat","embeddable":true,"href":"https:\/\/kindart.is\/en\/wp-json\/wp\/v2\/product_cat?post=5269"},{"taxonomy":"product_tag","embeddable":true,"href":"https:\/\/kindart.is\/en\/wp-json\/wp\/v2\/product_tag?post=5269"}],"curies":[{"name":"wp","href":"https:\/\/api.w.org\/{rel}","templated":true}]}}