{"id":5274,"date":"2022-08-21T11:56:04","date_gmt":"2022-08-21T11:56:29","guid":{"rendered":"https:\/\/kindart.is\/product\/rhymes-by-bua-andridsson-and-fridi-dofradottir\/"},"modified":"2022-08-21T11:56:29","modified_gmt":"2022-08-21T11:56:29","slug":"rimur-of-bua-andridssoni-and-fridi-dofradottir","status":"publish","type":"product","link":"https:\/\/kindart.is\/en\/vara\/rimur-of-bua-andridssoni-and-fridi-dofradottir\/","title":{"rendered":"Rhymes by B\u00faa Andr\u00eddsson and Fr\u00ed\u00f0i Dofrad\u00f3ttir"},"content":{"rendered":"<p>Rhymes by <strong>B\u00faa Andr\u00eddsson and Fr\u00ed\u00f0i Dofrad\u00f3ttir<\/strong> by Gr\u00edm Thomsen. The book is sewn and placed in a cover. Size: 17.5 X 11 cm and 60 pages.<\/p>\n<p><strong>Publishing and printing<\/strong> :<br \/>\nThe publisher is not mentioned, Reykjav\u00edk 1906. The Gutenberg printing works.<\/p>\n","protected":false},"excerpt":{"rendered":"<p>Rhymes by B\u00faa Andr\u00eddsson and Fr\u00ed\u00f0i Dofrad\u00f3ttir by Gr\u00edm Thomsen. The book is sewn and placed in a cover. Size: 17.5 X 11 cm and 60 pages. Publishing and printing : The publisher is not mentioned, Reykjav\u00edk 1906. The Gutenberg printing works.<\/p>\n","protected":false},"featured_media":5273,"template":"","meta":{"slim_seo":{"title":"Rhymes by B\u00faa Andr\u00eddsson and Fr\u00ed\u00f0i Dofrad\u00f3ttir - KindArt","description":"Rhymes by B\u00faa Andr\u00eddsson and Fr\u00ed\u00f0i Dofrad\u00f3ttir by Gr\u00edm Thomsen. The book is sewn and placed in a cover. Size: 17.5 X 11 cm and 60 pages. Publishing and printing"}},"product_brand":[],"product_cat":[83],"product_tag":[],"class_list":{"0":"post-5274","1":"product","2":"type-product","3":"status-publish","4":"has-post-thumbnail","6":"product_cat-books","7":"product_shipping_class-small-en","9":"first","10":"outofstock","11":"sold-individually","12":"purchasable","13":"product-type-simple"},"_links":{"self":[{"href":"https:\/\/kindart.is\/en\/wp-json\/wp\/v2\/product\/5274","targetHints":{"allow":["GET"]}}],"collection":[{"href":"https:\/\/kindart.is\/en\/wp-json\/wp\/v2\/product"}],"about":[{"href":"https:\/\/kindart.is\/en\/wp-json\/wp\/v2\/types\/product"}],"wp:featuredmedia":[{"embeddable":true,"href":"https:\/\/kindart.is\/en\/wp-json\/wp\/v2\/media\/5273"}],"wp:attachment":[{"href":"https:\/\/kindart.is\/en\/wp-json\/wp\/v2\/media?parent=5274"}],"wp:term":[{"taxonomy":"product_brand","embeddable":true,"href":"https:\/\/kindart.is\/en\/wp-json\/wp\/v2\/product_brand?post=5274"},{"taxonomy":"product_cat","embeddable":true,"href":"https:\/\/kindart.is\/en\/wp-json\/wp\/v2\/product_cat?post=5274"},{"taxonomy":"product_tag","embeddable":true,"href":"https:\/\/kindart.is\/en\/wp-json\/wp\/v2\/product_tag?post=5274"}],"curies":[{"name":"wp","href":"https:\/\/api.w.org\/{rel}","templated":true}]}}