{"id":5293,"date":"2022-08-21T12:15:45","date_gmt":"2022-08-21T12:16:14","guid":{"rendered":"https:\/\/kindart.is\/product\/daybreak\/"},"modified":"2022-08-21T12:16:14","modified_gmt":"2022-08-21T12:16:14","slug":"daybreak","status":"publish","type":"product","link":"https:\/\/kindart.is\/en\/vara\/daybreak\/","title":{"rendered":"Daybreak"},"content":{"rendered":"<p>Day&#8217;s <strong>edge<\/strong> . Songs and poems by J\u00f3nas Gu\u00f0laugsson. The book is bound, 108 pages. and cover, 18.8 X 11 cm in size.<\/p>\n<p><strong>Publishing and printing<\/strong> :<br \/>\nCost manager: Sigur\u00f0ur Kristj\u00e1nsson, Reykjav\u00edk 1909. The Gutenberg printing works.<\/p>\n","protected":false},"excerpt":{"rendered":"<p>Day&#8217;s edge . Songs and poems by J\u00f3nas Gu\u00f0laugsson. The book is bound, 108 pages. and cover, 18.8 X 11 cm in size. Publishing and printing : Cost manager: Sigur\u00f0ur Kristj\u00e1nsson, Reykjav\u00edk 1909. The Gutenberg printing works.<\/p>\n","protected":false},"featured_media":5292,"template":"","meta":{"slim_seo":{"title":"Daybreak - KindArt","description":"Day's edge . Songs and poems by J\u00f3nas Gu\u00f0laugsson. The book is bound, 108 pages. and cover, 18.8 X 11 cm in size. Publishing and printing : Cost manager: Sigur\u00f0"}},"product_brand":[],"product_cat":[83],"product_tag":[],"class_list":{"0":"post-5293","1":"product","2":"type-product","3":"status-publish","4":"has-post-thumbnail","6":"product_cat-books","7":"product_shipping_class-small-en","9":"first","10":"instock","11":"sold-individually","12":"purchasable","13":"product-type-simple"},"_links":{"self":[{"href":"https:\/\/kindart.is\/en\/wp-json\/wp\/v2\/product\/5293","targetHints":{"allow":["GET"]}}],"collection":[{"href":"https:\/\/kindart.is\/en\/wp-json\/wp\/v2\/product"}],"about":[{"href":"https:\/\/kindart.is\/en\/wp-json\/wp\/v2\/types\/product"}],"wp:featuredmedia":[{"embeddable":true,"href":"https:\/\/kindart.is\/en\/wp-json\/wp\/v2\/media\/5292"}],"wp:attachment":[{"href":"https:\/\/kindart.is\/en\/wp-json\/wp\/v2\/media?parent=5293"}],"wp:term":[{"taxonomy":"product_brand","embeddable":true,"href":"https:\/\/kindart.is\/en\/wp-json\/wp\/v2\/product_brand?post=5293"},{"taxonomy":"product_cat","embeddable":true,"href":"https:\/\/kindart.is\/en\/wp-json\/wp\/v2\/product_cat?post=5293"},{"taxonomy":"product_tag","embeddable":true,"href":"https:\/\/kindart.is\/en\/wp-json\/wp\/v2\/product_tag?post=5293"}],"curies":[{"name":"wp","href":"https:\/\/api.w.org\/{rel}","templated":true}]}}