{"id":5299,"date":"2022-08-21T12:19:49","date_gmt":"2022-08-21T12:20:32","guid":{"rendered":"https:\/\/kindart.is\/product\/breidamerkursandur-and-about-fljotshlid-and-fljotshlidinga\/"},"modified":"2022-08-21T12:20:32","modified_gmt":"2022-08-21T12:20:32","slug":"breidamarkursandur-and-about-fljotshlid-and-fljotshlidinga","status":"publish","type":"product","link":"https:\/\/kindart.is\/en\/vara\/breidamarkursandur-and-about-fljotshlid-and-fljotshlidinga\/","title":{"rendered":"Brei\u00f0amerkursandur and About Flj\u00f3tshl\u00ed\u00f0 and Flj\u00f3tshl\u00ed\u00f0inga"},"content":{"rendered":"<p><strong>Brei\u00f0amerkursandur and About Flj\u00f3tshl\u00ed\u00f0 and Flj\u00f3tshl\u00ed\u00f0inga<\/strong> . Some excerpts by \u00deorstein J\u00f3sepsson &#8211; Two special prints from the magazine &#8220;Heima er bezt&#8221;. Some black and white photos accompany both articles. The booklet is signed from the author to J\u00f3hannes \u00far K\u00e1tli. It is 28 X 21.3 cm in size, 18 pages. and cover.<\/p>\n<p><strong>Publishing and printing<\/strong> :<br \/>\nPrinted as a manuscript, Akureyri 1961. Oddur Bj\u00f6rnsson&#8217;s printed work.<\/p>\n","protected":false},"excerpt":{"rendered":"<p>Brei\u00f0amerkursandur and About Flj\u00f3tshl\u00ed\u00f0 and Flj\u00f3tshl\u00ed\u00f0inga . Some excerpts by \u00deorstein J\u00f3sepsson &#8211; Two special prints from the magazine &#8220;Heima er bezt&#8221;. Some black and white photos accompany both articles. The booklet is signed from the author to J\u00f3hannes \u00far K\u00e1tli. It is 28 X 21.3 cm in size, 18 pages. and cover. Publishing and [&hellip;]<\/p>\n","protected":false},"featured_media":5297,"template":"","meta":{"slim_seo":{"title":"Brei\u00f0amerkursandur and About Flj\u00f3tshl\u00ed\u00f0 and Flj\u00f3tshl\u00ed\u00f0inga - KindArt","description":"Brei\u00f0amerkursandur and About Flj\u00f3tshl\u00ed\u00f0 and Flj\u00f3tshl\u00ed\u00f0inga . Some excerpts by \u00deorstein J\u00f3sepsson - Two special prints from the magazine \"Heima er bezt\". Some bl"}},"product_brand":[],"product_cat":[83],"product_tag":[],"class_list":{"0":"post-5299","1":"product","2":"type-product","3":"status-publish","4":"has-post-thumbnail","6":"product_cat-books","7":"product_shipping_class-small-en","9":"first","10":"outofstock","11":"sold-individually","12":"purchasable","13":"product-type-simple"},"_links":{"self":[{"href":"https:\/\/kindart.is\/en\/wp-json\/wp\/v2\/product\/5299","targetHints":{"allow":["GET"]}}],"collection":[{"href":"https:\/\/kindart.is\/en\/wp-json\/wp\/v2\/product"}],"about":[{"href":"https:\/\/kindart.is\/en\/wp-json\/wp\/v2\/types\/product"}],"wp:featuredmedia":[{"embeddable":true,"href":"https:\/\/kindart.is\/en\/wp-json\/wp\/v2\/media\/5297"}],"wp:attachment":[{"href":"https:\/\/kindart.is\/en\/wp-json\/wp\/v2\/media?parent=5299"}],"wp:term":[{"taxonomy":"product_brand","embeddable":true,"href":"https:\/\/kindart.is\/en\/wp-json\/wp\/v2\/product_brand?post=5299"},{"taxonomy":"product_cat","embeddable":true,"href":"https:\/\/kindart.is\/en\/wp-json\/wp\/v2\/product_cat?post=5299"},{"taxonomy":"product_tag","embeddable":true,"href":"https:\/\/kindart.is\/en\/wp-json\/wp\/v2\/product_tag?post=5299"}],"curies":[{"name":"wp","href":"https:\/\/api.w.org\/{rel}","templated":true}]}}