{"id":5306,"date":"2022-08-22T14:29:11","date_gmt":"2022-08-22T14:29:49","guid":{"rendered":"https:\/\/kindart.is\/product\/widespread-1-10-years\/"},"modified":"2022-08-22T14:29:49","modified_gmt":"2022-08-22T14:29:49","slug":"breidfirdingur-1-10-ar-2","status":"publish","type":"product","link":"https:\/\/kindart.is\/en\/vara\/breidfirdingur-1-10-ar-2\/","title":{"rendered":"Widespread 1\u201310 years"},"content":{"rendered":"<p><strong>Brei\u00f0fj\u00f6r\u00f0ur<\/strong> is the magazine of the Brei\u00f0fj\u00f6r\u00f0ur Association in Reykjav\u00edk and is the oldest regional magazine in Iceland. 1942\u20131951, 1.\u2013 10. years. A total of 8 issues. Size: 14.3 X 22.3 cm. The number of pages has varied, from 80 \u2013 180 pages. each issue.<\/p>\n<p><strong>Publishing and printing<\/strong> :<br \/>\nPublisher: Brei\u00f0fj\u00f6r\u00f0urf\u00e9lagi\u00f0 in Reykjav\u00edk, 1942-1951. F\u00e9lagsprintsmidjan in the first years, but in 1949-1951 the paper was printed in Hafnarfj\u00f6r\u00f0ur&#8217;s Printing Works.<\/p>\n","protected":false},"excerpt":{"rendered":"<p>Brei\u00f0fj\u00f6r\u00f0ur is the magazine of the Brei\u00f0fj\u00f6r\u00f0ur Association in Reykjav\u00edk and is the oldest regional magazine in Iceland. 1942\u20131951, 1.\u2013 10. years. A total of 8 issues. Size: 14.3 X 22.3 cm. The number of pages has varied, from 80 \u2013 180 pages. each issue. Publishing and printing : Publisher: Brei\u00f0fj\u00f6r\u00f0urf\u00e9lagi\u00f0 in Reykjav\u00edk, 1942-1951. F\u00e9lagsprintsmidjan [&hellip;]<\/p>\n","protected":false},"featured_media":5304,"template":"","meta":{"slim_seo":{"title":"Widespread 1\u201310 years - KindArt","description":"Brei\u00f0fj\u00f6r\u00f0ur is the magazine of the Brei\u00f0fj\u00f6r\u00f0ur Association in Reykjav\u00edk and is the oldest regional magazine in Iceland. 1942\u20131951, 1.\u2013 10. years. A total of 8"}},"product_brand":[],"product_cat":[83],"product_tag":[],"class_list":{"0":"post-5306","1":"product","2":"type-product","3":"status-publish","4":"has-post-thumbnail","6":"product_cat-books","7":"product_shipping_class-medium-en","9":"first","10":"outofstock","11":"sold-individually","12":"purchasable","13":"product-type-simple"},"_links":{"self":[{"href":"https:\/\/kindart.is\/en\/wp-json\/wp\/v2\/product\/5306","targetHints":{"allow":["GET"]}}],"collection":[{"href":"https:\/\/kindart.is\/en\/wp-json\/wp\/v2\/product"}],"about":[{"href":"https:\/\/kindart.is\/en\/wp-json\/wp\/v2\/types\/product"}],"wp:featuredmedia":[{"embeddable":true,"href":"https:\/\/kindart.is\/en\/wp-json\/wp\/v2\/media\/5304"}],"wp:attachment":[{"href":"https:\/\/kindart.is\/en\/wp-json\/wp\/v2\/media?parent=5306"}],"wp:term":[{"taxonomy":"product_brand","embeddable":true,"href":"https:\/\/kindart.is\/en\/wp-json\/wp\/v2\/product_brand?post=5306"},{"taxonomy":"product_cat","embeddable":true,"href":"https:\/\/kindart.is\/en\/wp-json\/wp\/v2\/product_cat?post=5306"},{"taxonomy":"product_tag","embeddable":true,"href":"https:\/\/kindart.is\/en\/wp-json\/wp\/v2\/product_tag?post=5306"}],"curies":[{"name":"wp","href":"https:\/\/api.w.org\/{rel}","templated":true}]}}