{"id":5314,"date":"2022-08-24T17:06:08","date_gmt":"2022-08-24T17:06:54","guid":{"rendered":"https:\/\/kindart.is\/product\/sharks-and-sharks\/"},"modified":"2022-08-24T17:06:54","modified_gmt":"2022-08-24T17:06:54","slug":"hacker-and-hackermen","status":"publish","type":"product","link":"https:\/\/kindart.is\/en\/vara\/hacker-and-hackermen\/","title":{"rendered":"Sharks and sharks"},"content":{"rendered":"<p><strong>H\u00e1karlegar and shark men<\/strong> by The\u00f3dor Fri\u00f0riksson. The first publication of the Book Department of the Cultural Foundation, which is published here, and Freysteinn Gunnarsson writes a few introductory words to this book department, which has been given the name Aldahv\u00f6rf I. The book is bound, 136 pages. and put in a jacket, 20.3 X 14.3 cm.<\/p>\n<p><strong>Publishing and printing<\/strong> :<br \/>\nPublisher Culture Fund. Reykjav\u00edk 1933. Gutenberg State Printing Office.<\/p>\n","protected":false},"excerpt":{"rendered":"<p>H\u00e1karlegar and shark men by The\u00f3dor Fri\u00f0riksson. The first publication of the Book Department of the Cultural Foundation, which is published here, and Freysteinn Gunnarsson writes a few introductory words to this book department, which has been given the name Aldahv\u00f6rf I. The book is bound, 136 pages. and put in a jacket, 20.3 X [&hellip;]<\/p>\n","protected":false},"featured_media":5311,"template":"","meta":{"slim_seo":{"title":"Sharks and sharks - KindArt","description":"H\u00e1karlegar and shark men by The\u00f3dor Fri\u00f0riksson. The first publication of the Book Department of the Cultural Foundation, which is published here, and Freystein"}},"product_brand":[],"product_cat":[83],"product_tag":[],"class_list":{"0":"post-5314","1":"product","2":"type-product","3":"status-publish","4":"has-post-thumbnail","6":"product_cat-books","7":"product_shipping_class-small-en","9":"first","10":"outofstock","11":"sold-individually","12":"purchasable","13":"product-type-simple"},"_links":{"self":[{"href":"https:\/\/kindart.is\/en\/wp-json\/wp\/v2\/product\/5314","targetHints":{"allow":["GET"]}}],"collection":[{"href":"https:\/\/kindart.is\/en\/wp-json\/wp\/v2\/product"}],"about":[{"href":"https:\/\/kindart.is\/en\/wp-json\/wp\/v2\/types\/product"}],"wp:featuredmedia":[{"embeddable":true,"href":"https:\/\/kindart.is\/en\/wp-json\/wp\/v2\/media\/5311"}],"wp:attachment":[{"href":"https:\/\/kindart.is\/en\/wp-json\/wp\/v2\/media?parent=5314"}],"wp:term":[{"taxonomy":"product_brand","embeddable":true,"href":"https:\/\/kindart.is\/en\/wp-json\/wp\/v2\/product_brand?post=5314"},{"taxonomy":"product_cat","embeddable":true,"href":"https:\/\/kindart.is\/en\/wp-json\/wp\/v2\/product_cat?post=5314"},{"taxonomy":"product_tag","embeddable":true,"href":"https:\/\/kindart.is\/en\/wp-json\/wp\/v2\/product_tag?post=5314"}],"curies":[{"name":"wp","href":"https:\/\/api.w.org\/{rel}","templated":true}]}}