{"id":5321,"date":"2022-08-24T17:11:09","date_gmt":"2022-08-24T17:11:45","guid":{"rendered":"https:\/\/kindart.is\/product\/who-is-the-man\/"},"modified":"2022-08-24T17:11:45","modified_gmt":"2022-08-24T17:11:45","slug":"who-is-the-man","status":"publish","type":"product","link":"https:\/\/kindart.is\/en\/vara\/who-is-the-man\/","title":{"rendered":"Who is the man"},"content":{"rendered":"<p><strong>Who is the man<\/strong> , \u00cdslendinga\u00e6vir by Brynleif Top\u00edasson. Volume I (Ad\u00f3lf Bj\u00f6rnsson \u2013 J\u00f3n L. \u00de\u00f3r\u00f0arson). The book is bound in publisher&#8217;s binding, shirting and printed on the binding on the front and on the keel, the author&#8217;s name and title. It is 418 pages. and 22 X 13.8 cm in size.<\/p>\n<p><strong>Publishing and printing<\/strong> :<br \/>\nPublisher: Fagurskinna, (Gu\u00f0m. Gamal\u00edelsson) Reykjav\u00edk 1944. \u00cdsafoldarprentsmi\u00f0ja.<\/p>\n","protected":false},"excerpt":{"rendered":"<p>Who is the man , \u00cdslendinga\u00e6vir by Brynleif Top\u00edasson. Volume I (Ad\u00f3lf Bj\u00f6rnsson \u2013 J\u00f3n L. \u00de\u00f3r\u00f0arson). The book is bound in publisher&#8217;s binding, shirting and printed on the binding on the front and on the keel, the author&#8217;s name and title. It is 418 pages. and 22 X 13.8 cm in size. Publishing and [&hellip;]<\/p>\n","protected":false},"featured_media":5318,"template":"","meta":{"slim_seo":{"title":"Who is the man - KindArt","description":"Who is the man , \u00cdslendinga\u00e6vir by Brynleif Top\u00edasson. Volume I (Ad\u00f3lf Bj\u00f6rnsson \u2013 J\u00f3n L. \u00de\u00f3r\u00f0arson). The book is bound in publisher's binding, shirting and pri"}},"product_brand":[],"product_cat":[83],"product_tag":[],"class_list":{"0":"post-5321","1":"product","2":"type-product","3":"status-publish","4":"has-post-thumbnail","6":"product_cat-books","7":"product_shipping_class-small-en","9":"first","10":"instock","11":"sold-individually","12":"purchasable","13":"product-type-simple"},"_links":{"self":[{"href":"https:\/\/kindart.is\/en\/wp-json\/wp\/v2\/product\/5321","targetHints":{"allow":["GET"]}}],"collection":[{"href":"https:\/\/kindart.is\/en\/wp-json\/wp\/v2\/product"}],"about":[{"href":"https:\/\/kindart.is\/en\/wp-json\/wp\/v2\/types\/product"}],"wp:featuredmedia":[{"embeddable":true,"href":"https:\/\/kindart.is\/en\/wp-json\/wp\/v2\/media\/5318"}],"wp:attachment":[{"href":"https:\/\/kindart.is\/en\/wp-json\/wp\/v2\/media?parent=5321"}],"wp:term":[{"taxonomy":"product_brand","embeddable":true,"href":"https:\/\/kindart.is\/en\/wp-json\/wp\/v2\/product_brand?post=5321"},{"taxonomy":"product_cat","embeddable":true,"href":"https:\/\/kindart.is\/en\/wp-json\/wp\/v2\/product_cat?post=5321"},{"taxonomy":"product_tag","embeddable":true,"href":"https:\/\/kindart.is\/en\/wp-json\/wp\/v2\/product_tag?post=5321"}],"curies":[{"name":"wp","href":"https:\/\/api.w.org\/{rel}","templated":true}]}}