{"id":5329,"date":"2022-08-27T22:08:56","date_gmt":"2022-08-27T22:09:34","guid":{"rendered":"https:\/\/kindart.is\/product\/idunn-ix-and-x-year\/"},"modified":"2022-08-27T22:09:34","modified_gmt":"2022-08-27T22:09:34","slug":"idunn-ix-and-x-argang","status":"publish","type":"product","link":"https:\/\/kindart.is\/en\/vara\/idunn-ix-and-x-argang\/","title":{"rendered":"Idunn IX and X year"},"content":{"rendered":"<p><strong>Busy<\/strong> . A magazine for entertainment, utility and information. new class,<br \/>\nIX. year 316 pages Editor: Magn\u00fas J\u00f3nsson. and X. year 324 pages Editors: \u00c1rni Hallgr\u00edmsson and Eir\u00edkur Albertsson. \u2013 These years. are bound together in one book in rexine binding keel and corner and black covering., which has become quite snowy. Size: 18.7 X 12 cm.<\/p>\n<p><strong>Publishing and printing<\/strong> :<br \/>\nPublisher: Magn\u00fas J\u00f3nsson. Reykjav\u00edk 1924-1925 and 1926. The Gutenberg printing works.<\/p>\n","protected":false},"excerpt":{"rendered":"<p>Busy . A magazine for entertainment, utility and information. new class, IX. year 316 pages Editor: Magn\u00fas J\u00f3nsson. and X. year 324 pages Editors: \u00c1rni Hallgr\u00edmsson and Eir\u00edkur Albertsson. \u2013 These years. are bound together in one book in rexine binding keel and corner and black covering., which has become quite snowy. Size: 18.7 X [&hellip;]<\/p>\n","protected":false},"featured_media":5326,"template":"","meta":{"slim_seo":{"title":"Idunn IX and X year - KindArt","description":"Busy . A magazine for entertainment, utility and information. new class, IX. year 316 pages Editor: Magn\u00fas J\u00f3nsson. and X. year 324 pages Editors: \u00c1rni Hallgr\u00edm"}},"product_brand":[],"product_cat":[83],"product_tag":[],"class_list":{"0":"post-5329","1":"product","2":"type-product","3":"status-publish","4":"has-post-thumbnail","6":"product_cat-books","7":"product_shipping_class-small-en","9":"first","10":"instock","11":"sold-individually","12":"purchasable","13":"product-type-simple"},"_links":{"self":[{"href":"https:\/\/kindart.is\/en\/wp-json\/wp\/v2\/product\/5329","targetHints":{"allow":["GET"]}}],"collection":[{"href":"https:\/\/kindart.is\/en\/wp-json\/wp\/v2\/product"}],"about":[{"href":"https:\/\/kindart.is\/en\/wp-json\/wp\/v2\/types\/product"}],"wp:featuredmedia":[{"embeddable":true,"href":"https:\/\/kindart.is\/en\/wp-json\/wp\/v2\/media\/5326"}],"wp:attachment":[{"href":"https:\/\/kindart.is\/en\/wp-json\/wp\/v2\/media?parent=5329"}],"wp:term":[{"taxonomy":"product_brand","embeddable":true,"href":"https:\/\/kindart.is\/en\/wp-json\/wp\/v2\/product_brand?post=5329"},{"taxonomy":"product_cat","embeddable":true,"href":"https:\/\/kindart.is\/en\/wp-json\/wp\/v2\/product_cat?post=5329"},{"taxonomy":"product_tag","embeddable":true,"href":"https:\/\/kindart.is\/en\/wp-json\/wp\/v2\/product_tag?post=5329"}],"curies":[{"name":"wp","href":"https:\/\/api.w.org\/{rel}","templated":true}]}}