{"id":5337,"date":"2022-08-27T22:17:29","date_gmt":"2022-08-27T22:18:03","guid":{"rendered":"https:\/\/kindart.is\/product\/pests-in-houses-and-vegetation-and-protection-against-them\/"},"modified":"2022-08-27T22:18:03","modified_gmt":"2022-08-27T22:18:03","slug":"pest-in-houses-and-germs-and-protection-against-them","status":"publish","type":"product","link":"https:\/\/kindart.is\/en\/vara\/pest-in-houses-and-germs-and-protection-against-them\/","title":{"rendered":"Pests in houses and vegetation and protection against them"},"content":{"rendered":"<p><strong>Pests in houses and vegetation and protection against them<\/strong> by naturalist Geir G\u00edgja. Handbook and study book in entomology. The book is bound in publisher&#8217;s binding, alshirting and gilt on the front and keel. Size: 20.2 X 14 cm and 235 pages.<\/p>\n<p><strong>Publishing and printing<\/strong> :<br \/>\nPublisher: Jens Gu\u00f0bj\u00f6rnsson. Reykjav\u00edk 1944. H\u00f3lar printing works.<\/p>\n","protected":false},"excerpt":{"rendered":"<p>Pests in houses and vegetation and protection against them by naturalist Geir G\u00edgja. Handbook and study book in entomology. The book is bound in publisher&#8217;s binding, alshirting and gilt on the front and keel. Size: 20.2 X 14 cm and 235 pages. Publishing and printing : Publisher: Jens Gu\u00f0bj\u00f6rnsson. Reykjav\u00edk 1944. H\u00f3lar printing works.<\/p>\n","protected":false},"featured_media":5333,"template":"","meta":{"slim_seo":{"title":"Pests in houses and vegetation and protection against them - KindArt","description":"Pests in houses and vegetation and protection against them by naturalist Geir G\u00edgja. Handbook and study book in entomology. The book is bound in publisher's bin"}},"product_brand":[],"product_cat":[83],"product_tag":[],"class_list":{"0":"post-5337","1":"product","2":"type-product","3":"status-publish","4":"has-post-thumbnail","6":"product_cat-books","7":"product_shipping_class-small-en","9":"first","10":"outofstock","11":"sold-individually","12":"purchasable","13":"product-type-simple"},"_links":{"self":[{"href":"https:\/\/kindart.is\/en\/wp-json\/wp\/v2\/product\/5337","targetHints":{"allow":["GET"]}}],"collection":[{"href":"https:\/\/kindart.is\/en\/wp-json\/wp\/v2\/product"}],"about":[{"href":"https:\/\/kindart.is\/en\/wp-json\/wp\/v2\/types\/product"}],"wp:featuredmedia":[{"embeddable":true,"href":"https:\/\/kindart.is\/en\/wp-json\/wp\/v2\/media\/5333"}],"wp:attachment":[{"href":"https:\/\/kindart.is\/en\/wp-json\/wp\/v2\/media?parent=5337"}],"wp:term":[{"taxonomy":"product_brand","embeddable":true,"href":"https:\/\/kindart.is\/en\/wp-json\/wp\/v2\/product_brand?post=5337"},{"taxonomy":"product_cat","embeddable":true,"href":"https:\/\/kindart.is\/en\/wp-json\/wp\/v2\/product_cat?post=5337"},{"taxonomy":"product_tag","embeddable":true,"href":"https:\/\/kindart.is\/en\/wp-json\/wp\/v2\/product_tag?post=5337"}],"curies":[{"name":"wp","href":"https:\/\/api.w.org\/{rel}","templated":true}]}}