{"id":5344,"date":"2022-08-27T22:23:01","date_gmt":"2022-08-27T22:23:30","guid":{"rendered":"https:\/\/kindart.is\/product\/between-sheds\/"},"modified":"2022-08-27T22:23:30","modified_gmt":"2022-08-27T22:23:30","slug":"inter-cut","status":"publish","type":"product","link":"https:\/\/kindart.is\/en\/vara\/inter-cut\/","title":{"rendered":"Between sheds"},"content":{"rendered":"<p><strong>Between sheds<\/strong> . Poem by Finnboga J. Arndal. The poems are divided into folk and regional poems. About the seasons. Fun and real. Occasional and commemorative poems. The book is bound in an alshirtingsband, gilt on the front and on the keel. Size: 18.5 X 12.5 cm and 250 pages.<\/p>\n<p><strong>Publishing and printing<\/strong> :<br \/>\nPublished at the author&#8217;s expense. Second printing, Hafnarfj\u00f6r\u00f0ur 1956. Hafnarfj\u00f6r\u00f0ur Printing Works.<\/p>\n","protected":false},"excerpt":{"rendered":"<p>Between sheds . Poem by Finnboga J. Arndal. The poems are divided into folk and regional poems. About the seasons. Fun and real. Occasional and commemorative poems. The book is bound in an alshirtingsband, gilt on the front and on the keel. Size: 18.5 X 12.5 cm and 250 pages. Publishing and printing : Published [&hellip;]<\/p>\n","protected":false},"featured_media":5341,"template":"","meta":{"slim_seo":{"title":"Between sheds - KindArt","description":"Between sheds . Poem by Finnboga J. Arndal. The poems are divided into folk and regional poems. About the seasons. Fun and real. Occasional and commemorative po"}},"product_brand":[],"product_cat":[83],"product_tag":[],"class_list":{"0":"post-5344","1":"product","2":"type-product","3":"status-publish","4":"has-post-thumbnail","6":"product_cat-books","7":"product_shipping_class-small-en","9":"first","10":"instock","11":"sold-individually","12":"purchasable","13":"product-type-simple"},"_links":{"self":[{"href":"https:\/\/kindart.is\/en\/wp-json\/wp\/v2\/product\/5344","targetHints":{"allow":["GET"]}}],"collection":[{"href":"https:\/\/kindart.is\/en\/wp-json\/wp\/v2\/product"}],"about":[{"href":"https:\/\/kindart.is\/en\/wp-json\/wp\/v2\/types\/product"}],"wp:featuredmedia":[{"embeddable":true,"href":"https:\/\/kindart.is\/en\/wp-json\/wp\/v2\/media\/5341"}],"wp:attachment":[{"href":"https:\/\/kindart.is\/en\/wp-json\/wp\/v2\/media?parent=5344"}],"wp:term":[{"taxonomy":"product_brand","embeddable":true,"href":"https:\/\/kindart.is\/en\/wp-json\/wp\/v2\/product_brand?post=5344"},{"taxonomy":"product_cat","embeddable":true,"href":"https:\/\/kindart.is\/en\/wp-json\/wp\/v2\/product_cat?post=5344"},{"taxonomy":"product_tag","embeddable":true,"href":"https:\/\/kindart.is\/en\/wp-json\/wp\/v2\/product_tag?post=5344"}],"curies":[{"name":"wp","href":"https:\/\/api.w.org\/{rel}","templated":true}]}}