{"id":5351,"date":"2022-08-27T22:28:00","date_gmt":"2022-08-27T22:28:29","guid":{"rendered":"https:\/\/kindart.is\/product\/the-hymn-about-the-flower\/"},"modified":"2022-08-27T22:28:29","modified_gmt":"2022-08-27T22:28:29","slug":"the-hymn-about-blomid","status":"publish","type":"product","link":"https:\/\/kindart.is\/en\/vara\/the-hymn-about-blomid\/","title":{"rendered":"The hymn about the flower"},"content":{"rendered":"<p><strong>The hymn about the flower<\/strong> by \u00de\u00f3rberg \u00de\u00f3r\u00f0arson. The first edition was published in 2 volumes in 1954-1955; Another version: 1st printing 1976. 2nd printing 1980. 3rd printing 1982, which is for sale here. The book is in a publisher&#8217;s binding, rexin on the paperback and covers on the panels. Size: 22 X 14 cm and 411 pages.<\/p>\n<p><strong>Publishing and printing<\/strong> :<br \/>\nPublisher: M\u00e1l og menning, Reykjav\u00edk 1982. Prentsmi\u00f0jan Oddi.<\/p>\n","protected":false},"excerpt":{"rendered":"<p>The hymn about the flower by \u00de\u00f3rberg \u00de\u00f3r\u00f0arson. The first edition was published in 2 volumes in 1954-1955; Another version: 1st printing 1976. 2nd printing 1980. 3rd printing 1982, which is for sale here. The book is in a publisher&#8217;s binding, rexin on the paperback and covers on the panels. Size: 22 X 14 cm [&hellip;]<\/p>\n","protected":false},"featured_media":5348,"template":"","meta":{"slim_seo":{"title":"The hymn about the flower - KindArt","description":"The hymn about the flower by \u00de\u00f3rberg \u00de\u00f3r\u00f0arson. The first edition was published in 2 volumes in 1954-1955; Another version: 1st printing 1976. 2nd printing 1980"}},"product_brand":[],"product_cat":[83],"product_tag":[],"class_list":{"0":"post-5351","1":"product","2":"type-product","3":"status-publish","4":"has-post-thumbnail","6":"product_cat-books","7":"product_shipping_class-small-en","9":"first","10":"outofstock","11":"sold-individually","12":"purchasable","13":"product-type-simple"},"_links":{"self":[{"href":"https:\/\/kindart.is\/en\/wp-json\/wp\/v2\/product\/5351","targetHints":{"allow":["GET"]}}],"collection":[{"href":"https:\/\/kindart.is\/en\/wp-json\/wp\/v2\/product"}],"about":[{"href":"https:\/\/kindart.is\/en\/wp-json\/wp\/v2\/types\/product"}],"wp:featuredmedia":[{"embeddable":true,"href":"https:\/\/kindart.is\/en\/wp-json\/wp\/v2\/media\/5348"}],"wp:attachment":[{"href":"https:\/\/kindart.is\/en\/wp-json\/wp\/v2\/media?parent=5351"}],"wp:term":[{"taxonomy":"product_brand","embeddable":true,"href":"https:\/\/kindart.is\/en\/wp-json\/wp\/v2\/product_brand?post=5351"},{"taxonomy":"product_cat","embeddable":true,"href":"https:\/\/kindart.is\/en\/wp-json\/wp\/v2\/product_cat?post=5351"},{"taxonomy":"product_tag","embeddable":true,"href":"https:\/\/kindart.is\/en\/wp-json\/wp\/v2\/product_tag?post=5351"}],"curies":[{"name":"wp","href":"https:\/\/api.w.org\/{rel}","templated":true}]}}