{"id":5364,"date":"2022-08-31T14:24:15","date_gmt":"2022-08-31T14:24:52","guid":{"rendered":"https:\/\/kindart.is\/product\/the-stars-in-marias-hand\/"},"modified":"2022-08-31T14:24:52","modified_gmt":"2022-08-31T14:24:52","slug":"the-stars-in-marias-hand","status":"publish","type":"product","link":"https:\/\/kindart.is\/en\/vara\/the-stars-in-marias-hand\/","title":{"rendered":"The stars in Maria&#8217;s hand"},"content":{"rendered":"<p><strong>The stars in Maria&#8217;s hand<\/strong> . 61 poems by Ragnhildi \u00d3feigsd\u00f3ttir. On the back of the book it says that this book is dedicated to the arrival of Pope John II. To Iceland in June 1989.<br \/>\nThese are beautiful religious poems and hymns. The book is sewn and placed in a cardboard cover. Size: 18 X 18 cm in size.<\/p>\n<p><strong>Publishing and printing<\/strong> :<br \/>\nPublisher: B\u00f3kr\u00fan, Reykjav\u00edk 1989. Composition, transformation and film work: F\u00e9lagsprentsmidjan. Printing Libris.<\/p>\n","protected":false},"excerpt":{"rendered":"<p>The stars in Maria&#8217;s hand . 61 poems by Ragnhildi \u00d3feigsd\u00f3ttir. On the back of the book it says that this book is dedicated to the arrival of Pope John II. To Iceland in June 1989. These are beautiful religious poems and hymns. The book is sewn and placed in a cardboard cover. Size: 18 [&hellip;]<\/p>\n","protected":false},"featured_media":5363,"template":"","meta":{"slim_seo":{"title":"The stars in Maria's hand - KindArt","description":"The stars in Maria's hand . 61 poems by Ragnhildi \u00d3feigsd\u00f3ttir. On the back of the book it says that this book is dedicated to the arrival of Pope John II. To I"}},"product_brand":[],"product_cat":[83],"product_tag":[],"class_list":{"0":"post-5364","1":"product","2":"type-product","3":"status-publish","4":"has-post-thumbnail","6":"product_cat-books","7":"product_shipping_class-small-en","9":"first","10":"outofstock","11":"sold-individually","12":"purchasable","13":"product-type-simple"},"_links":{"self":[{"href":"https:\/\/kindart.is\/en\/wp-json\/wp\/v2\/product\/5364","targetHints":{"allow":["GET"]}}],"collection":[{"href":"https:\/\/kindart.is\/en\/wp-json\/wp\/v2\/product"}],"about":[{"href":"https:\/\/kindart.is\/en\/wp-json\/wp\/v2\/types\/product"}],"wp:featuredmedia":[{"embeddable":true,"href":"https:\/\/kindart.is\/en\/wp-json\/wp\/v2\/media\/5363"}],"wp:attachment":[{"href":"https:\/\/kindart.is\/en\/wp-json\/wp\/v2\/media?parent=5364"}],"wp:term":[{"taxonomy":"product_brand","embeddable":true,"href":"https:\/\/kindart.is\/en\/wp-json\/wp\/v2\/product_brand?post=5364"},{"taxonomy":"product_cat","embeddable":true,"href":"https:\/\/kindart.is\/en\/wp-json\/wp\/v2\/product_cat?post=5364"},{"taxonomy":"product_tag","embeddable":true,"href":"https:\/\/kindart.is\/en\/wp-json\/wp\/v2\/product_tag?post=5364"}],"curies":[{"name":"wp","href":"https:\/\/api.w.org\/{rel}","templated":true}]}}