{"id":5372,"date":"2022-08-31T14:29:51","date_gmt":"2022-08-31T14:29:51","guid":{"rendered":"https:\/\/kindart.is\/product\/vidfjardarundrin\/"},"modified":"2022-08-31T14:29:51","modified_gmt":"2022-08-31T14:29:51","slug":"vidfjardarundrin","status":"publish","type":"product","link":"https:\/\/kindart.is\/en\/vara\/vidfjardarundrin\/","title":{"rendered":"Vi\u00f0fjar\u00f0arundrin"},"content":{"rendered":"<p><strong>Vi\u00f0fjar\u00f0arundrin<\/strong>. \u00de\u00f3rbergur \u00de\u00f3r\u00f0arson segir h\u00e9r s\u00f6gur af Vi\u00f0fjar\u00f0arskottu og \u00fe\u00e1 kemur greinarger\u00f0 \u00de\u00f3rbergs. S\u00ed\u00f0an f\u00e6rir hann \u00ed letur reimleikab\u00e1lk mikinn eftir systrum \u00feremur og kallar hann Vi\u00f0fjar\u00f0arundrin. B\u00f3kin er bundin \u00ed alrex\u00ednband en nafn hennar prenta\u00f0 \u00e1 mi\u00f0a sem l\u00edmdur er \u00e1 kj\u00f6l og framhli\u00f0. St\u00e6r\u00f0 hennar er 20.4 X 13.8 cm og 153 bls.<\/p>\n<p><strong>\u00datg\u00e1fa og prentun<\/strong>:<br \/>\n\u00datgefandi: V\u00edkings\u00fatg\u00e1fan Unuh\u00fasi Reykjav\u00edk 1943. V\u00edkingsprent.<\/p>\n","protected":false},"excerpt":{"rendered":"<p>Vi\u00f0fjar\u00f0arundrin. \u00de\u00f3rbergur \u00de\u00f3r\u00f0arson segir h\u00e9r s\u00f6gur af Vi\u00f0fjar\u00f0arskottu og \u00fe\u00e1 kemur greinarger\u00f0 \u00de\u00f3rbergs. S\u00ed\u00f0an f\u00e6rir hann \u00ed letur reimleikab\u00e1lk mikinn eftir systrum \u00feremur og kallar hann Vi\u00f0fjar\u00f0arundrin. B\u00f3kin er bundin \u00ed alrex\u00ednband en nafn hennar prenta\u00f0 \u00e1 mi\u00f0a sem l\u00edmdur er \u00e1 kj\u00f6l og framhli\u00f0. St\u00e6r\u00f0 hennar er 20.4 X 13.8 cm og 153 bls. [&hellip;]<\/p>\n","protected":false},"featured_media":5368,"template":"","meta":{"slim_seo":{"title":"Vi\u00f0fjar\u00f0arundrin - KindArt","description":"Vi\u00f0fjar\u00f0arundrin . \u00de\u00f3rbergur \u00de\u00f3r\u00f0arson segir h\u00e9r s\u00f6gur af Vi\u00f0fjar\u00f0arskottu og \u00fe\u00e1 kemur greinarger\u00f0 \u00de\u00f3rbergs. S\u00ed\u00f0an f\u00e6rir hann \u00ed letur reimleikab\u00e1lk mikinn eftir"}},"product_brand":[],"product_cat":[83],"product_tag":[],"class_list":{"0":"post-5372","1":"product","2":"type-product","3":"status-publish","4":"has-post-thumbnail","6":"product_cat-books","7":"product_shipping_class-small-en","9":"first","10":"outofstock","11":"sold-individually","12":"purchasable","13":"product-type-simple"},"_links":{"self":[{"href":"https:\/\/kindart.is\/en\/wp-json\/wp\/v2\/product\/5372","targetHints":{"allow":["GET"]}}],"collection":[{"href":"https:\/\/kindart.is\/en\/wp-json\/wp\/v2\/product"}],"about":[{"href":"https:\/\/kindart.is\/en\/wp-json\/wp\/v2\/types\/product"}],"wp:featuredmedia":[{"embeddable":true,"href":"https:\/\/kindart.is\/en\/wp-json\/wp\/v2\/media\/5368"}],"wp:attachment":[{"href":"https:\/\/kindart.is\/en\/wp-json\/wp\/v2\/media?parent=5372"}],"wp:term":[{"taxonomy":"product_brand","embeddable":true,"href":"https:\/\/kindart.is\/en\/wp-json\/wp\/v2\/product_brand?post=5372"},{"taxonomy":"product_cat","embeddable":true,"href":"https:\/\/kindart.is\/en\/wp-json\/wp\/v2\/product_cat?post=5372"},{"taxonomy":"product_tag","embeddable":true,"href":"https:\/\/kindart.is\/en\/wp-json\/wp\/v2\/product_tag?post=5372"}],"curies":[{"name":"wp","href":"https:\/\/api.w.org\/{rel}","templated":true}]}}