{"id":5379,"date":"2022-08-31T14:37:44","date_gmt":"2022-08-31T14:37:44","guid":{"rendered":"https:\/\/kindart.is\/product\/thrjar-verdlaunaritgerdir-ur-barnaskolum-reykjavikur-vorid-1947\/"},"modified":"2022-08-31T14:38:12","modified_gmt":"2022-08-31T14:38:12","slug":"thrjar-verdlaunaritgerdir-ur-barnaskolum-reykjavikur-vorid-1947","status":"publish","type":"product","link":"https:\/\/kindart.is\/en\/vara\/thrjar-verdlaunaritgerdir-ur-barnaskolum-reykjavikur-vorid-1947\/","title":{"rendered":"\u00derj\u00e1r ver\u00f0launaritger\u00f0ir \u00far barnask\u00f3lum Reykjav\u00edkur vori\u00f0 1947"},"content":{"rendered":"<p><strong>\u00derj\u00e1r ver\u00f0launaritger\u00f0ir \u00far barnask\u00f3lum Reykjav\u00edkur vori\u00f0 1947<\/strong>. Hallgr\u00edmur J\u00f3nsson kennari skrifar um sj\u00f3\u00f0 sem hann stofnar, sem heitir: Ver\u00f0launasj\u00f3\u00f0ur fullna\u00f0arpr\u00f3fsbarna \u00ed Reykjav\u00edk. Ver\u00f0laun \u00feessi skal veita \u00e1rlega fyrir fr\u00e1b\u00e6ra me\u00f0fer\u00f0 \u00edslendskrar tungu. \u00deeir sem ver\u00f0laun hlutu voru: Herv\u00f6r H\u00f3lmj\u00e1rn, Krist\u00edn \u00d3lafsd\u00f3ttir og \u00d3lafur \u00d6rn Arnarson. \u00deessir d\u00e6mdu: Hermann P\u00e1lsson, J\u00f3hann Sveinsson, Kristj\u00e1n Eldj\u00e1rn, Sveinbj\u00f6rn Sigurj\u00f3nsson og H. J. Hefti\u00f0 er v\u00edrheft, 15.5 X11 cm a\u00f0 st\u00e6r\u00f0, 26 bls. og kartonk\u00e1pa.<\/p>\n<p><strong>\u00datg\u00e1fa og prentun<\/strong>:<br \/>\n\u00datgefandi: Jens Gu\u00f0bjarnarson. Reykjav\u00edk 1947. Prentsmi\u00f0jan H\u00f3lar.<\/p>\n","protected":false},"excerpt":{"rendered":"<p>\u00derj\u00e1r ver\u00f0launaritger\u00f0ir \u00far barnask\u00f3lum Reykjav\u00edkur vori\u00f0 1947. Hallgr\u00edmur J\u00f3nsson kennari skrifar um sj\u00f3\u00f0 sem hann stofnar, sem heitir: Ver\u00f0launasj\u00f3\u00f0ur fullna\u00f0arpr\u00f3fsbarna \u00ed Reykjav\u00edk. Ver\u00f0laun \u00feessi skal veita \u00e1rlega fyrir fr\u00e1b\u00e6ra me\u00f0fer\u00f0 \u00edslendskrar tungu. \u00deeir sem ver\u00f0laun hlutu voru: Herv\u00f6r H\u00f3lmj\u00e1rn, Krist\u00edn \u00d3lafsd\u00f3ttir og \u00d3lafur \u00d6rn Arnarson. \u00deessir d\u00e6mdu: Hermann P\u00e1lsson, J\u00f3hann Sveinsson, Kristj\u00e1n Eldj\u00e1rn, Sveinbj\u00f6rn Sigurj\u00f3nsson [&hellip;]<\/p>\n","protected":false},"featured_media":5375,"template":"","meta":{"slim_seo":{"title":"\u00derj\u00e1r ver\u00f0launaritger\u00f0ir \u00far barnask\u00f3lum Reykjav\u00edkur vori\u00f0 1947 - KindArt","description":"\u00derj\u00e1r ver\u00f0launaritger\u00f0ir \u00far barnask\u00f3lum Reykjav\u00edkur vori\u00f0 1947 . Hallgr\u00edmur J\u00f3nsson kennari skrifar um sj\u00f3\u00f0 sem hann stofnar, sem heitir: Ver\u00f0launasj\u00f3\u00f0ur fullna"}},"product_brand":[],"product_cat":[83],"product_tag":[],"class_list":{"0":"post-5379","1":"product","2":"type-product","3":"status-publish","4":"has-post-thumbnail","6":"product_cat-books","7":"product_shipping_class-small-en","9":"first","10":"instock","11":"sold-individually","12":"purchasable","13":"product-type-simple"},"_links":{"self":[{"href":"https:\/\/kindart.is\/en\/wp-json\/wp\/v2\/product\/5379","targetHints":{"allow":["GET"]}}],"collection":[{"href":"https:\/\/kindart.is\/en\/wp-json\/wp\/v2\/product"}],"about":[{"href":"https:\/\/kindart.is\/en\/wp-json\/wp\/v2\/types\/product"}],"wp:featuredmedia":[{"embeddable":true,"href":"https:\/\/kindart.is\/en\/wp-json\/wp\/v2\/media\/5375"}],"wp:attachment":[{"href":"https:\/\/kindart.is\/en\/wp-json\/wp\/v2\/media?parent=5379"}],"wp:term":[{"taxonomy":"product_brand","embeddable":true,"href":"https:\/\/kindart.is\/en\/wp-json\/wp\/v2\/product_brand?post=5379"},{"taxonomy":"product_cat","embeddable":true,"href":"https:\/\/kindart.is\/en\/wp-json\/wp\/v2\/product_cat?post=5379"},{"taxonomy":"product_tag","embeddable":true,"href":"https:\/\/kindart.is\/en\/wp-json\/wp\/v2\/product_tag?post=5379"}],"curies":[{"name":"wp","href":"https:\/\/api.w.org\/{rel}","templated":true}]}}