{"id":5386,"date":"2022-09-02T19:14:33","date_gmt":"2022-09-02T19:14:33","guid":{"rendered":"https:\/\/kindart.is\/product\/ur-myndabok-laeknis\/"},"modified":"2022-09-02T19:14:57","modified_gmt":"2022-09-02T19:14:57","slug":"ur-myndabok-laeknis","status":"publish","type":"product","link":"https:\/\/kindart.is\/en\/vara\/ur-myndabok-laeknis\/","title":{"rendered":"\u00dar myndab\u00f3k l\u00e6knis"},"content":{"rendered":"<p><strong>\u00dar myndab\u00f3k l\u00e6knis<\/strong>. \u00c6vis\u00f6gu\u00fe\u00e6ttir eftir P\u00e1l V. G. Kolka. \u00de\u00e1 eru h\u00e9r \u00fdmsar greinar og erindi sem P\u00e1ll flutti \u00ed \u00fatvarp, minningargreinar og \u00fdmislegt fleira sem hann samdi og flutti \u00e1 l\u00edfslei\u00f0inni. B\u00f3kin er 21.3 X 13.7 cm a\u00f0 st\u00e6r\u00f0 og 286 bls. og bundin \u00ed forlagsband, svart rex\u00edn \u00e1 kj\u00f6l og \u00e1prenta\u00f0ur spjaldapapp\u00edr.<\/p>\n<p><strong>\u00datg\u00e1fa og prentun<\/strong>:<br \/>\n\u00datgefandi: Setberg, Reykjav\u00edk 1964. Prentsmi\u00f0jan Setberg.<\/p>\n","protected":false},"excerpt":{"rendered":"<p>\u00dar myndab\u00f3k l\u00e6knis. \u00c6vis\u00f6gu\u00fe\u00e6ttir eftir P\u00e1l V. G. Kolka. \u00de\u00e1 eru h\u00e9r \u00fdmsar greinar og erindi sem P\u00e1ll flutti \u00ed \u00fatvarp, minningargreinar og \u00fdmislegt fleira sem hann samdi og flutti \u00e1 l\u00edfslei\u00f0inni. B\u00f3kin er 21.3 X 13.7 cm a\u00f0 st\u00e6r\u00f0 og 286 bls. og bundin \u00ed forlagsband, svart rex\u00edn \u00e1 kj\u00f6l og \u00e1prenta\u00f0ur spjaldapapp\u00edr. \u00datg\u00e1fa [&hellip;]<\/p>\n","protected":false},"featured_media":5382,"template":"","meta":{"slim_seo":{"title":"\u00dar myndab\u00f3k l\u00e6knis - KindArt","description":"\u00dar myndab\u00f3k l\u00e6knis . \u00c6vis\u00f6gu\u00fe\u00e6ttir eftir P\u00e1l V. G. Kolka. \u00de\u00e1 eru h\u00e9r \u00fdmsar greinar og erindi sem P\u00e1ll flutti \u00ed \u00fatvarp, minningargreinar og \u00fdmislegt fleira sem h"}},"product_brand":[],"product_cat":[83],"product_tag":[],"class_list":{"0":"post-5386","1":"product","2":"type-product","3":"status-publish","4":"has-post-thumbnail","6":"product_cat-books","7":"product_shipping_class-small-en","9":"first","10":"instock","11":"purchasable","12":"product-type-simple"},"_links":{"self":[{"href":"https:\/\/kindart.is\/en\/wp-json\/wp\/v2\/product\/5386","targetHints":{"allow":["GET"]}}],"collection":[{"href":"https:\/\/kindart.is\/en\/wp-json\/wp\/v2\/product"}],"about":[{"href":"https:\/\/kindart.is\/en\/wp-json\/wp\/v2\/types\/product"}],"wp:featuredmedia":[{"embeddable":true,"href":"https:\/\/kindart.is\/en\/wp-json\/wp\/v2\/media\/5382"}],"wp:attachment":[{"href":"https:\/\/kindart.is\/en\/wp-json\/wp\/v2\/media?parent=5386"}],"wp:term":[{"taxonomy":"product_brand","embeddable":true,"href":"https:\/\/kindart.is\/en\/wp-json\/wp\/v2\/product_brand?post=5386"},{"taxonomy":"product_cat","embeddable":true,"href":"https:\/\/kindart.is\/en\/wp-json\/wp\/v2\/product_cat?post=5386"},{"taxonomy":"product_tag","embeddable":true,"href":"https:\/\/kindart.is\/en\/wp-json\/wp\/v2\/product_tag?post=5386"}],"curies":[{"name":"wp","href":"https:\/\/api.w.org\/{rel}","templated":true}]}}