{"id":5392,"date":"2022-09-02T19:19:48","date_gmt":"2022-09-02T19:19:48","guid":{"rendered":"https:\/\/kindart.is\/product\/tyndi-hellirinn\/"},"modified":"2022-09-02T19:20:14","modified_gmt":"2022-09-02T19:20:14","slug":"tyndi-hellirinn","status":"publish","type":"product","link":"https:\/\/kindart.is\/en\/vara\/tyndi-hellirinn\/","title":{"rendered":"T\u00fdndi hellirinn"},"content":{"rendered":"<p><strong>T\u00fdndi hellirinn<\/strong>. Fyrsta spennu- og skemmtisagan sem Valur Vestan sendi fr\u00e1 s\u00e9r. Valur Vestan h\u00e9t Steingr\u00edmur Matth\u00edas Sigf\u00fasson. Hann var f\u00e6ddur 1919, en l\u00e9st \u00e1ri\u00f0 1976. B\u00f3kin er \u00ed kiljuformi. 21 X 14 cm a\u00f0 st\u00e6r\u00f0 og 99 bls.<\/p>\n<p><strong>\u00datg\u00e1fa og prentun<\/strong>:<br \/>\n\u00datgefandi: Frum Reykjav\u00edk 2005. Prentsmi\u00f0jan Frum.<\/p>\n","protected":false},"excerpt":{"rendered":"<p>T\u00fdndi hellirinn. Fyrsta spennu- og skemmtisagan sem Valur Vestan sendi fr\u00e1 s\u00e9r. Valur Vestan h\u00e9t Steingr\u00edmur Matth\u00edas Sigf\u00fasson. Hann var f\u00e6ddur 1919, en l\u00e9st \u00e1ri\u00f0 1976. B\u00f3kin er \u00ed kiljuformi. 21 X 14 cm a\u00f0 st\u00e6r\u00f0 og 99 bls. \u00datg\u00e1fa og prentun: \u00datgefandi: Frum Reykjav\u00edk 2005. Prentsmi\u00f0jan Frum.<\/p>\n","protected":false},"featured_media":5389,"template":"","meta":{"slim_seo":{"title":"T\u00fdndi hellirinn - KindArt","description":"T\u00fdndi hellirinn . Fyrsta spennu- og skemmtisagan sem Valur Vestan sendi fr\u00e1 s\u00e9r. Valur Vestan h\u00e9t Steingr\u00edmur Matth\u00edas Sigf\u00fasson. Hann var f\u00e6ddur 1919, en l\u00e9st"}},"product_brand":[],"product_cat":[83],"product_tag":[],"class_list":{"0":"post-5392","1":"product","2":"type-product","3":"status-publish","4":"has-post-thumbnail","6":"product_cat-books","7":"product_shipping_class-small-en","9":"first","10":"outofstock","11":"sold-individually","12":"purchasable","13":"product-type-simple"},"_links":{"self":[{"href":"https:\/\/kindart.is\/en\/wp-json\/wp\/v2\/product\/5392","targetHints":{"allow":["GET"]}}],"collection":[{"href":"https:\/\/kindart.is\/en\/wp-json\/wp\/v2\/product"}],"about":[{"href":"https:\/\/kindart.is\/en\/wp-json\/wp\/v2\/types\/product"}],"wp:featuredmedia":[{"embeddable":true,"href":"https:\/\/kindart.is\/en\/wp-json\/wp\/v2\/media\/5389"}],"wp:attachment":[{"href":"https:\/\/kindart.is\/en\/wp-json\/wp\/v2\/media?parent=5392"}],"wp:term":[{"taxonomy":"product_brand","embeddable":true,"href":"https:\/\/kindart.is\/en\/wp-json\/wp\/v2\/product_brand?post=5392"},{"taxonomy":"product_cat","embeddable":true,"href":"https:\/\/kindart.is\/en\/wp-json\/wp\/v2\/product_cat?post=5392"},{"taxonomy":"product_tag","embeddable":true,"href":"https:\/\/kindart.is\/en\/wp-json\/wp\/v2\/product_tag?post=5392"}],"curies":[{"name":"wp","href":"https:\/\/api.w.org\/{rel}","templated":true}]}}