{"id":5398,"date":"2022-09-02T19:23:09","date_gmt":"2022-09-02T19:23:09","guid":{"rendered":"https:\/\/kindart.is\/product\/songbok-godtemplara-i-o-g-t\/"},"modified":"2022-09-02T19:23:35","modified_gmt":"2022-09-02T19:23:35","slug":"songbok-godtemplara-i-o-g-t","status":"publish","type":"product","link":"https:\/\/kindart.is\/en\/vara\/songbok-godtemplara-i-o-g-t\/","title":{"rendered":"S\u00f6ngb\u00f3k G\u00f3\u00f0templara, I.O.G.T"},"content":{"rendered":"<p><strong>S\u00f6ngb\u00f3k G\u00f3\u00f0templara, I.O.G.T<\/strong>. J\u00f3nas T\u00f3masson bj\u00f3 undir prentun. P\u00e1ll \u00cds\u00f3lfsson t\u00f3nsk\u00e1ld f\u00f3r yfir handriti\u00f0 og lagf\u00e6r\u00f0i. \u00cd b\u00f3kinni eru s\u00f6mu l\u00f6g vi\u00f0 lj\u00f3\u00f0in sem voru \u00ed S\u00f6ngb\u00f3k g\u00f3\u00f0templara 1934. B\u00f3kin er bundin \u00ed sk\u00f3laband, saumheft og sett \u00ed bindi me\u00f0 shirting \u00e1 kj\u00f6l og kl\u00e6dd \u00e1prentu\u00f0um papp\u00edr \u00e1 framhli\u00f0. 28.8 X 21.5 cm a\u00f0 st\u00e6r\u00f0 og 73 bls.<\/p>\n<p><strong>\u00datg\u00e1fa og prentun<\/strong>:<br \/>\n\u00datgefandi: St\u00f3rst\u00faka \u00cdslands, Akureyri 1938. Fj\u00f6lritun: Finnbogi J\u00f3nsson.<\/p>\n","protected":false},"excerpt":{"rendered":"<p>S\u00f6ngb\u00f3k G\u00f3\u00f0templara, I.O.G.T. J\u00f3nas T\u00f3masson bj\u00f3 undir prentun. P\u00e1ll \u00cds\u00f3lfsson t\u00f3nsk\u00e1ld f\u00f3r yfir handriti\u00f0 og lagf\u00e6r\u00f0i. \u00cd b\u00f3kinni eru s\u00f6mu l\u00f6g vi\u00f0 lj\u00f3\u00f0in sem voru \u00ed S\u00f6ngb\u00f3k g\u00f3\u00f0templara 1934. B\u00f3kin er bundin \u00ed sk\u00f3laband, saumheft og sett \u00ed bindi me\u00f0 shirting \u00e1 kj\u00f6l og kl\u00e6dd \u00e1prentu\u00f0um papp\u00edr \u00e1 framhli\u00f0. 28.8 X 21.5 cm a\u00f0 st\u00e6r\u00f0 [&hellip;]<\/p>\n","protected":false},"featured_media":5396,"template":"","meta":{"slim_seo":{"title":"S\u00f6ngb\u00f3k G\u00f3\u00f0templara, I.O.G.T - KindArt","description":"S\u00f6ngb\u00f3k G\u00f3\u00f0templara, I.O.G.T . J\u00f3nas T\u00f3masson bj\u00f3 undir prentun. P\u00e1ll \u00cds\u00f3lfsson t\u00f3nsk\u00e1ld f\u00f3r yfir handriti\u00f0 og lagf\u00e6r\u00f0i. \u00cd b\u00f3kinni eru s\u00f6mu l\u00f6g vi\u00f0 lj\u00f3\u00f0in sem v"}},"product_brand":[],"product_cat":[83],"product_tag":[],"class_list":{"0":"post-5398","1":"product","2":"type-product","3":"status-publish","4":"has-post-thumbnail","6":"product_cat-books","7":"product_shipping_class-small-en","9":"first","10":"instock","11":"sold-individually","12":"purchasable","13":"product-type-simple"},"_links":{"self":[{"href":"https:\/\/kindart.is\/en\/wp-json\/wp\/v2\/product\/5398","targetHints":{"allow":["GET"]}}],"collection":[{"href":"https:\/\/kindart.is\/en\/wp-json\/wp\/v2\/product"}],"about":[{"href":"https:\/\/kindart.is\/en\/wp-json\/wp\/v2\/types\/product"}],"wp:featuredmedia":[{"embeddable":true,"href":"https:\/\/kindart.is\/en\/wp-json\/wp\/v2\/media\/5396"}],"wp:attachment":[{"href":"https:\/\/kindart.is\/en\/wp-json\/wp\/v2\/media?parent=5398"}],"wp:term":[{"taxonomy":"product_brand","embeddable":true,"href":"https:\/\/kindart.is\/en\/wp-json\/wp\/v2\/product_brand?post=5398"},{"taxonomy":"product_cat","embeddable":true,"href":"https:\/\/kindart.is\/en\/wp-json\/wp\/v2\/product_cat?post=5398"},{"taxonomy":"product_tag","embeddable":true,"href":"https:\/\/kindart.is\/en\/wp-json\/wp\/v2\/product_tag?post=5398"}],"curies":[{"name":"wp","href":"https:\/\/api.w.org\/{rel}","templated":true}]}}