{"id":5405,"date":"2022-09-02T19:27:13","date_gmt":"2022-09-02T19:27:13","guid":{"rendered":"https:\/\/kindart.is\/product\/raudamyrkur\/"},"modified":"2022-09-02T19:27:13","modified_gmt":"2022-09-02T19:27:13","slug":"raudamyrkur","status":"publish","type":"product","link":"https:\/\/kindart.is\/en\/vara\/raudamyrkur\/","title":{"rendered":"Rau\u00f0amyrkur"},"content":{"rendered":"<p><strong>Rau\u00f0amyrkur<\/strong>. S\u00f6gu\u00fe\u00e1ttur eftir Hannes P\u00e9tursson. Saga \u00feessi ger\u00f0ist \u00ed Hjaltadal \u00ed Skagafir\u00f0i skammt fr\u00e1 hinum fornfr\u00e6ga H\u00f3lasta\u00f0. Kilja, 20 X 12.7 cm, 130 bls.<\/p>\n<p><strong>\u00datg\u00e1fa og prentun<\/strong>:<br \/>\nM\u00e1l og menning 2. \u00fatg\u00e1fa, Reykjav\u00edk 2000. Prentvinnsla: N\u00f8rhaven a\/s, Viborg, Danm\u00f6rku.<\/p>\n","protected":false},"excerpt":{"rendered":"<p>Rau\u00f0amyrkur. S\u00f6gu\u00fe\u00e1ttur eftir Hannes P\u00e9tursson. Saga \u00feessi ger\u00f0ist \u00ed Hjaltadal \u00ed Skagafir\u00f0i skammt fr\u00e1 hinum fornfr\u00e6ga H\u00f3lasta\u00f0. Kilja, 20 X 12.7 cm, 130 bls. \u00datg\u00e1fa og prentun: M\u00e1l og menning 2. \u00fatg\u00e1fa, Reykjav\u00edk 2000. Prentvinnsla: N\u00f8rhaven a\/s, Viborg, Danm\u00f6rku.<\/p>\n","protected":false},"featured_media":5401,"template":"","meta":{"slim_seo":{"title":"Rau\u00f0amyrkur - KindArt","description":"Rau\u00f0amyrkur . S\u00f6gu\u00fe\u00e1ttur eftir Hannes P\u00e9tursson. Saga \u00feessi ger\u00f0ist \u00ed Hjaltadal \u00ed Skagafir\u00f0i skammt fr\u00e1 hinum fornfr\u00e6ga H\u00f3lasta\u00f0. Kilja, 20 X 12.7 cm, 130 bls."}},"product_brand":[],"product_cat":[83],"product_tag":[],"class_list":{"0":"post-5405","1":"product","2":"type-product","3":"status-publish","4":"has-post-thumbnail","6":"product_cat-books","7":"product_shipping_class-small-en","9":"first","10":"instock","11":"sold-individually","12":"purchasable","13":"product-type-simple"},"_links":{"self":[{"href":"https:\/\/kindart.is\/en\/wp-json\/wp\/v2\/product\/5405","targetHints":{"allow":["GET"]}}],"collection":[{"href":"https:\/\/kindart.is\/en\/wp-json\/wp\/v2\/product"}],"about":[{"href":"https:\/\/kindart.is\/en\/wp-json\/wp\/v2\/types\/product"}],"wp:featuredmedia":[{"embeddable":true,"href":"https:\/\/kindart.is\/en\/wp-json\/wp\/v2\/media\/5401"}],"wp:attachment":[{"href":"https:\/\/kindart.is\/en\/wp-json\/wp\/v2\/media?parent=5405"}],"wp:term":[{"taxonomy":"product_brand","embeddable":true,"href":"https:\/\/kindart.is\/en\/wp-json\/wp\/v2\/product_brand?post=5405"},{"taxonomy":"product_cat","embeddable":true,"href":"https:\/\/kindart.is\/en\/wp-json\/wp\/v2\/product_cat?post=5405"},{"taxonomy":"product_tag","embeddable":true,"href":"https:\/\/kindart.is\/en\/wp-json\/wp\/v2\/product_tag?post=5405"}],"curies":[{"name":"wp","href":"https:\/\/api.w.org\/{rel}","templated":true}]}}