{"id":5414,"date":"2022-09-02T19:32:48","date_gmt":"2022-09-02T19:32:48","guid":{"rendered":"https:\/\/kindart.is\/product\/katrin\/"},"modified":"2022-09-02T19:32:48","modified_gmt":"2022-09-02T19:32:48","slug":"katrin","status":"publish","type":"product","link":"https:\/\/kindart.is\/en\/vara\/katrin\/","title":{"rendered":"Katr\u00edn"},"content":{"rendered":"<p><strong>Katr\u00edn<\/strong>. Saga fr\u00e1 \u00c1landseyjum eftir Sally Salminen. J\u00f3n Helgason \u00fe\u00fdddi. Heimsfr\u00e6g saga s\u00f6g\u00f0 af eldh\u00fasst\u00falkunni Sally, sem vann hj\u00e1 milj\u00f3nam\u00e6ringi \u00ed New York og hreppti fyrstu ver\u00f0laun \u00ed sk\u00e1ldsagnasamkeppni tveggja st\u00e6rstu b\u00f3kaforlaga \u00ed Stokkh\u00f3lmi og Helsingfors. Var \u00fe\u00fddd \u00e1 t\u00edu tungum\u00e1l fyrsta \u00e1ri\u00f0. B\u00f3kin er 25.4 X 19 cm a\u00f0 st\u00e6r\u00f0, 324 bls. Bundin \u00ed forlagsband, alshirting og me\u00f0 hl\u00edf\u00f0ark\u00e1pu utan um.<\/p>\n<p><strong>\u00datg\u00e1fa og prentun<\/strong>:<br \/>\n\u00datgefandi: Sk\u00e1lholtsprentsmi\u00f0ja, Reykjav\u00edk [1944]. Prentu\u00f0 \u00ed Sk\u00e1lholtsprentsmi\u00f0ju.<\/p>\n","protected":false},"excerpt":{"rendered":"<p>Katr\u00edn. Saga fr\u00e1 \u00c1landseyjum eftir Sally Salminen. J\u00f3n Helgason \u00fe\u00fdddi. Heimsfr\u00e6g saga s\u00f6g\u00f0 af eldh\u00fasst\u00falkunni Sally, sem vann hj\u00e1 milj\u00f3nam\u00e6ringi \u00ed New York og hreppti fyrstu ver\u00f0laun \u00ed sk\u00e1ldsagnasamkeppni tveggja st\u00e6rstu b\u00f3kaforlaga \u00ed Stokkh\u00f3lmi og Helsingfors. Var \u00fe\u00fddd \u00e1 t\u00edu tungum\u00e1l fyrsta \u00e1ri\u00f0. B\u00f3kin er 25.4 X 19 cm a\u00f0 st\u00e6r\u00f0, 324 bls. Bundin \u00ed [&hellip;]<\/p>\n","protected":false},"featured_media":5410,"template":"","meta":{"slim_seo":{"title":"Katr\u00edn - KindArt","description":"Katr\u00edn . Saga fr\u00e1 \u00c1landseyjum eftir Sally Salminen. J\u00f3n Helgason \u00fe\u00fdddi. Heimsfr\u00e6g saga s\u00f6g\u00f0 af eldh\u00fasst\u00falkunni Sally, sem vann hj\u00e1 milj\u00f3nam\u00e6ringi \u00ed New York og"}},"product_brand":[],"product_cat":[83],"product_tag":[],"class_list":{"0":"post-5414","1":"product","2":"type-product","3":"status-publish","4":"has-post-thumbnail","6":"product_cat-books","7":"product_shipping_class-small-en","9":"first","10":"outofstock","11":"sold-individually","12":"purchasable","13":"product-type-simple"},"_links":{"self":[{"href":"https:\/\/kindart.is\/en\/wp-json\/wp\/v2\/product\/5414","targetHints":{"allow":["GET"]}}],"collection":[{"href":"https:\/\/kindart.is\/en\/wp-json\/wp\/v2\/product"}],"about":[{"href":"https:\/\/kindart.is\/en\/wp-json\/wp\/v2\/types\/product"}],"wp:featuredmedia":[{"embeddable":true,"href":"https:\/\/kindart.is\/en\/wp-json\/wp\/v2\/media\/5410"}],"wp:attachment":[{"href":"https:\/\/kindart.is\/en\/wp-json\/wp\/v2\/media?parent=5414"}],"wp:term":[{"taxonomy":"product_brand","embeddable":true,"href":"https:\/\/kindart.is\/en\/wp-json\/wp\/v2\/product_brand?post=5414"},{"taxonomy":"product_cat","embeddable":true,"href":"https:\/\/kindart.is\/en\/wp-json\/wp\/v2\/product_cat?post=5414"},{"taxonomy":"product_tag","embeddable":true,"href":"https:\/\/kindart.is\/en\/wp-json\/wp\/v2\/product_tag?post=5414"}],"curies":[{"name":"wp","href":"https:\/\/api.w.org\/{rel}","templated":true}]}}