{"id":5421,"date":"2022-09-02T19:38:54","date_gmt":"2022-09-02T19:38:54","guid":{"rendered":"https:\/\/kindart.is\/product\/bitlaavarpid\/"},"modified":"2022-09-02T19:38:54","modified_gmt":"2022-09-02T19:38:54","slug":"bitlaavarpid","status":"publish","type":"product","link":"https:\/\/kindart.is\/en\/vara\/bitlaavarpid\/","title":{"rendered":"B\u00edtla\u00e1varpi\u00f0"},"content":{"rendered":"<p><strong>B\u00edtla\u00e1varpi\u00f0<\/strong>. Sk\u00e1ldsaga eftir Einar M\u00e1 Gu\u00f0mundsson. \u00cd minningu m\u00f3\u00f0ur hans, \u00d6nnu P\u00e1lmad\u00f3ttur (1928-2001). Kilja, 20 X 12.8 cm, 234 bls.<\/p>\n<p><strong>\u00datg\u00e1fa og prentun<\/strong>:<br \/>\nM\u00e1l og menning, Reykjav\u00edk 2004. Prentun: N\u00f8rhaven Paperback A\/S Viborg Danm\u00f6rku<\/p>\n","protected":false},"excerpt":{"rendered":"<p>B\u00edtla\u00e1varpi\u00f0. Sk\u00e1ldsaga eftir Einar M\u00e1 Gu\u00f0mundsson. \u00cd minningu m\u00f3\u00f0ur hans, \u00d6nnu P\u00e1lmad\u00f3ttur (1928-2001). Kilja, 20 X 12.8 cm, 234 bls. \u00datg\u00e1fa og prentun: M\u00e1l og menning, Reykjav\u00edk 2004. Prentun: N\u00f8rhaven Paperback A\/S Viborg Danm\u00f6rku<\/p>\n","protected":false},"featured_media":5417,"template":"","meta":{"slim_seo":{"title":"B\u00edtla\u00e1varpi\u00f0 - KindArt","description":"B\u00edtla\u00e1varpi\u00f0 . Sk\u00e1ldsaga eftir Einar M\u00e1 Gu\u00f0mundsson. \u00cd minningu m\u00f3\u00f0ur hans, \u00d6nnu P\u00e1lmad\u00f3ttur (1928-2001). Kilja, 20 X 12.8 cm, 234 bls. \u00datg\u00e1fa og prentun : M\u00e1l"}},"product_brand":[],"product_cat":[83],"product_tag":[],"class_list":{"0":"post-5421","1":"product","2":"type-product","3":"status-publish","4":"has-post-thumbnail","6":"product_cat-books","7":"product_shipping_class-small-en","9":"first","10":"instock","11":"sold-individually","12":"purchasable","13":"product-type-simple"},"_links":{"self":[{"href":"https:\/\/kindart.is\/en\/wp-json\/wp\/v2\/product\/5421","targetHints":{"allow":["GET"]}}],"collection":[{"href":"https:\/\/kindart.is\/en\/wp-json\/wp\/v2\/product"}],"about":[{"href":"https:\/\/kindart.is\/en\/wp-json\/wp\/v2\/types\/product"}],"wp:featuredmedia":[{"embeddable":true,"href":"https:\/\/kindart.is\/en\/wp-json\/wp\/v2\/media\/5417"}],"wp:attachment":[{"href":"https:\/\/kindart.is\/en\/wp-json\/wp\/v2\/media?parent=5421"}],"wp:term":[{"taxonomy":"product_brand","embeddable":true,"href":"https:\/\/kindart.is\/en\/wp-json\/wp\/v2\/product_brand?post=5421"},{"taxonomy":"product_cat","embeddable":true,"href":"https:\/\/kindart.is\/en\/wp-json\/wp\/v2\/product_cat?post=5421"},{"taxonomy":"product_tag","embeddable":true,"href":"https:\/\/kindart.is\/en\/wp-json\/wp\/v2\/product_tag?post=5421"}],"curies":[{"name":"wp","href":"https:\/\/api.w.org\/{rel}","templated":true}]}}