{"id":5435,"date":"2022-09-07T11:45:00","date_gmt":"2022-09-07T11:45:00","guid":{"rendered":"https:\/\/kindart.is\/product\/minningarbrot-rognu\/"},"modified":"2022-10-31T19:51:17","modified_gmt":"2022-10-31T19:51:17","slug":"minningarbrot-rognu","status":"publish","type":"product","link":"https:\/\/kindart.is\/en\/vara\/minningarbrot-rognu\/","title":{"rendered":"Minningabrot R\u00f6gnu"},"content":{"rendered":"<p><strong>Minningabrot R\u00f6gnu<\/strong>. Endurminningar Ragnhei\u00f0ar Ragnarsd\u00f3ttur fr\u00e1 Hl\u00ed\u00f0 \u00ed \u00c1lftafir\u00f0i \u00ed \u00cdsafjar\u00f0ardj\u00fapi. \u00dearna rekur h\u00fan \u00e6ttir s\u00ednar nor\u00f0ur \u00ed A\u00f0alv\u00edk og vi\u00f0 \u00cdsafjar\u00f0ardj\u00fap. S\u00ed\u00f0an \u00e1rin \u00ed Dj\u00fapinu, Siglufir\u00f0i, Borgarfir\u00f0i, Reykjav\u00edk og a\u00f0 s\u00ed\u00f0ustu \u00ed Hverager\u00f0i. B\u00f3kin er \u00ed l\u00edmbandi og sett \u00ed kartonk\u00e1pu, 424 bls. og 22.7 X 15.2 cm a\u00f0 st\u00e6r\u00f0.<\/p>\n<p><strong>\u00datg\u00e1fa og prentun<\/strong>:<br \/>\n\u00datgefandi: Ragnhei\u00f0ur Ragnarsd\u00f3ttir. Hverager\u00f0i 2019. Leturprent.<\/p>\n","protected":false},"excerpt":{"rendered":"<p>Minningabrot R\u00f6gnu. Endurminningar Ragnhei\u00f0ar Ragnarsd\u00f3ttur fr\u00e1 Hl\u00ed\u00f0 \u00ed \u00c1lftafir\u00f0i \u00ed \u00cdsafjar\u00f0ardj\u00fapi. \u00dearna rekur h\u00fan \u00e6ttir s\u00ednar nor\u00f0ur \u00ed A\u00f0alv\u00edk og vi\u00f0 \u00cdsafjar\u00f0ardj\u00fap. S\u00ed\u00f0an \u00e1rin \u00ed Dj\u00fapinu, Siglufir\u00f0i, Borgarfir\u00f0i, Reykjav\u00edk og a\u00f0 s\u00ed\u00f0ustu \u00ed Hverager\u00f0i. B\u00f3kin er \u00ed l\u00edmbandi og sett \u00ed kartonk\u00e1pu, 424 bls. og 22.7 X 15.2 cm a\u00f0 st\u00e6r\u00f0. \u00datg\u00e1fa og prentun: \u00datgefandi: [&hellip;]<\/p>\n","protected":false},"featured_media":5429,"template":"","meta":{"slim_seo":{"title":"Minningabrot R\u00f6gnu - KindArt","description":"Minningabrot R\u00f6gnu . Endurminningar Ragnhei\u00f0ar Ragnarsd\u00f3ttur fr\u00e1 Hl\u00ed\u00f0 \u00ed \u00c1lftafir\u00f0i \u00ed \u00cdsafjar\u00f0ardj\u00fapi. \u00dearna rekur h\u00fan \u00e6ttir s\u00ednar nor\u00f0ur \u00ed A\u00f0alv\u00edk og vi\u00f0 \u00cdsafja"}},"product_brand":[],"product_cat":[83],"product_tag":[],"class_list":{"0":"post-5435","1":"product","2":"type-product","3":"status-publish","4":"has-post-thumbnail","6":"product_cat-books","7":"product_shipping_class-small-en","9":"first","10":"instock","11":"purchasable","12":"product-type-simple"},"_links":{"self":[{"href":"https:\/\/kindart.is\/en\/wp-json\/wp\/v2\/product\/5435","targetHints":{"allow":["GET"]}}],"collection":[{"href":"https:\/\/kindart.is\/en\/wp-json\/wp\/v2\/product"}],"about":[{"href":"https:\/\/kindart.is\/en\/wp-json\/wp\/v2\/types\/product"}],"wp:featuredmedia":[{"embeddable":true,"href":"https:\/\/kindart.is\/en\/wp-json\/wp\/v2\/media\/5429"}],"wp:attachment":[{"href":"https:\/\/kindart.is\/en\/wp-json\/wp\/v2\/media?parent=5435"}],"wp:term":[{"taxonomy":"product_brand","embeddable":true,"href":"https:\/\/kindart.is\/en\/wp-json\/wp\/v2\/product_brand?post=5435"},{"taxonomy":"product_cat","embeddable":true,"href":"https:\/\/kindart.is\/en\/wp-json\/wp\/v2\/product_cat?post=5435"},{"taxonomy":"product_tag","embeddable":true,"href":"https:\/\/kindart.is\/en\/wp-json\/wp\/v2\/product_tag?post=5435"}],"curies":[{"name":"wp","href":"https:\/\/api.w.org\/{rel}","templated":true}]}}