{"id":5442,"date":"2022-09-07T11:49:38","date_gmt":"2022-09-07T11:49:38","guid":{"rendered":"https:\/\/kindart.is\/product\/elin-sigurdardottir\/"},"modified":"2022-09-07T11:49:38","modified_gmt":"2022-09-07T11:49:38","slug":"elin-sigurdardottir","status":"publish","type":"product","link":"https:\/\/kindart.is\/en\/vara\/elin-sigurdardottir\/","title":{"rendered":"El\u00edn Sigur\u00f0ard\u00f3ttir"},"content":{"rendered":"<p><strong>El\u00edn Sigur\u00f0ard\u00f3ttir<\/strong>, sk\u00e1ldsaga eftir Johan Falkberget. Gu\u00f0mundur G\u00edslason Hagal\u00edn \u00fe\u00fdddi. Johan Falkberget var norskur rith\u00f6fundur sem var fr\u00e6gastur h\u00e9r \u00e1 landi fyrir \u00fatvarpss\u00f6guna B\u00f6r B\u00f6rsson, sem Helgi Hj\u00f6rvar las upp \u00ed \u00fatvarpi\u00f0 \u00e1 s\u00ednum t\u00edma [\u00e1 str\u00ed\u00f0s\u00e1runum]. Johan bj\u00f3 \u00e1 landsv\u00e6\u00f0i \u00fev\u00ed sem er \u00ed kringum koparn\u00e1mub\u00e6inn R\u00f8ros \u00ed Noregi. Hann f\u00f3r a\u00f0 vinna \u00ed n\u00e1munum 9 \u00e1ra gamall, en pabbi hans var \u00fear verkstj\u00f3ri. B\u00f3kin heitir Eli Sjursdotter \u00e1 norsku og sk\u00e1ldi\u00f0 Stef\u00e1n fr\u00e1 Hv\u00edtadal kynnti b\u00f3kina fyrir Gu\u00f0mundi G. Hagal\u00edn og sag\u00f0i a\u00f0: \u201eELI SJURSDOTTER er yndisleg b\u00f3k\u201c. B\u00f3kin er saumheft og sett \u00ed papp\u00edrsk\u00e1pu. St\u00e6r\u00f0: 19 X 13.3 cm og 192 bls.<\/p>\n<p><strong>\u00datg\u00e1fa og prentun<\/strong>:<br \/>\n\u00datgefandi: B\u00f3ka\u00fatg\u00e1fa Menningarsj\u00f3\u00f0s, Reykjav\u00edk 1952. Prentsmi\u00f0ja Hafnarfjar\u00f0ar.<\/p>\n","protected":false},"excerpt":{"rendered":"<p>El\u00edn Sigur\u00f0ard\u00f3ttir, sk\u00e1ldsaga eftir Johan Falkberget. Gu\u00f0mundur G\u00edslason Hagal\u00edn \u00fe\u00fdddi. Johan Falkberget var norskur rith\u00f6fundur sem var fr\u00e6gastur h\u00e9r \u00e1 landi fyrir \u00fatvarpss\u00f6guna B\u00f6r B\u00f6rsson, sem Helgi Hj\u00f6rvar las upp \u00ed \u00fatvarpi\u00f0 \u00e1 s\u00ednum t\u00edma [\u00e1 str\u00ed\u00f0s\u00e1runum]. Johan bj\u00f3 \u00e1 landsv\u00e6\u00f0i \u00fev\u00ed sem er \u00ed kringum koparn\u00e1mub\u00e6inn R\u00f8ros \u00ed Noregi. Hann f\u00f3r a\u00f0 vinna \u00ed [&hellip;]<\/p>\n","protected":false},"featured_media":5438,"template":"","meta":{"slim_seo":{"title":"El\u00edn Sigur\u00f0ard\u00f3ttir - KindArt","description":"El\u00edn Sigur\u00f0ard\u00f3ttir , sk\u00e1ldsaga eftir Johan Falkberget. Gu\u00f0mundur G\u00edslason Hagal\u00edn \u00fe\u00fdddi. Johan Falkberget var norskur rith\u00f6fundur sem var fr\u00e6gastur h\u00e9r \u00e1 landi"}},"product_brand":[],"product_cat":[83],"product_tag":[],"class_list":{"0":"post-5442","1":"product","2":"type-product","3":"status-publish","4":"has-post-thumbnail","6":"product_cat-books","7":"product_shipping_class-small-en","9":"first","10":"instock","11":"sold-individually","12":"purchasable","13":"product-type-simple"},"_links":{"self":[{"href":"https:\/\/kindart.is\/en\/wp-json\/wp\/v2\/product\/5442","targetHints":{"allow":["GET"]}}],"collection":[{"href":"https:\/\/kindart.is\/en\/wp-json\/wp\/v2\/product"}],"about":[{"href":"https:\/\/kindart.is\/en\/wp-json\/wp\/v2\/types\/product"}],"wp:featuredmedia":[{"embeddable":true,"href":"https:\/\/kindart.is\/en\/wp-json\/wp\/v2\/media\/5438"}],"wp:attachment":[{"href":"https:\/\/kindart.is\/en\/wp-json\/wp\/v2\/media?parent=5442"}],"wp:term":[{"taxonomy":"product_brand","embeddable":true,"href":"https:\/\/kindart.is\/en\/wp-json\/wp\/v2\/product_brand?post=5442"},{"taxonomy":"product_cat","embeddable":true,"href":"https:\/\/kindart.is\/en\/wp-json\/wp\/v2\/product_cat?post=5442"},{"taxonomy":"product_tag","embeddable":true,"href":"https:\/\/kindart.is\/en\/wp-json\/wp\/v2\/product_tag?post=5442"}],"curies":[{"name":"wp","href":"https:\/\/api.w.org\/{rel}","templated":true}]}}