{"id":5451,"date":"2022-09-07T11:55:56","date_gmt":"2022-09-07T11:55:56","guid":{"rendered":"https:\/\/kindart.is\/product\/ekki-heiti-eg-eirikur\/"},"modified":"2022-09-07T11:55:56","modified_gmt":"2022-09-07T11:55:56","slug":"ekki-heiti-eg-eirikur","status":"publish","type":"product","link":"https:\/\/kindart.is\/en\/vara\/ekki-heiti-eg-eirikur\/","title":{"rendered":"Ekki heiti \u00e9g Eir\u00edkur"},"content":{"rendered":"<p><strong>Ekki heiti \u00e9g Eir\u00edkur<\/strong>. Sk\u00e1ldsaga eftir Gu\u00f0r\u00fanu J\u00f3nsd\u00f3ttur fr\u00e1 Prestsbakka. Fyrsta b\u00f3k Gu\u00f0r\u00fanar kom \u00fat 1940 og hlaut g\u00f3\u00f0a d\u00f3ma, b\u00e6\u00f0i h\u00e9r \u00e1 landi og \u00ed Danm\u00f6rku og Noregi. B\u00f3kin er bundin \u00ed forlagsband, sem er papp\u00edr me\u00f0 skinnl\u00edkis-\u00e1fer\u00f0. St\u00e6r\u00f0: 18.7 X 13 cm og 127 bls.<\/p>\n<p>B\u00f3kmerki: Ragnar J\u00f3nsson.<\/p>\n<p><strong>\u00datg\u00e1fa og prentun<\/strong>:<br \/>\n\u00datgefandi: B\u00f3kfells\u00fatg\u00e1fan, Reykjav\u00edk 1946. Borgarprent.<\/p>\n","protected":false},"excerpt":{"rendered":"<p>Ekki heiti \u00e9g Eir\u00edkur. Sk\u00e1ldsaga eftir Gu\u00f0r\u00fanu J\u00f3nsd\u00f3ttur fr\u00e1 Prestsbakka. Fyrsta b\u00f3k Gu\u00f0r\u00fanar kom \u00fat 1940 og hlaut g\u00f3\u00f0a d\u00f3ma, b\u00e6\u00f0i h\u00e9r \u00e1 landi og \u00ed Danm\u00f6rku og Noregi. B\u00f3kin er bundin \u00ed forlagsband, sem er papp\u00edr me\u00f0 skinnl\u00edkis-\u00e1fer\u00f0. St\u00e6r\u00f0: 18.7 X 13 cm og 127 bls. B\u00f3kmerki: Ragnar J\u00f3nsson. \u00datg\u00e1fa og prentun: \u00datgefandi: B\u00f3kfells\u00fatg\u00e1fan, [&hellip;]<\/p>\n","protected":false},"featured_media":5445,"template":"","meta":{"slim_seo":{"title":"Ekki heiti \u00e9g Eir\u00edkur - KindArt","description":"Ekki heiti \u00e9g Eir\u00edkur . Sk\u00e1ldsaga eftir Gu\u00f0r\u00fanu J\u00f3nsd\u00f3ttur fr\u00e1 Prestsbakka. Fyrsta b\u00f3k Gu\u00f0r\u00fanar kom \u00fat 1940 og hlaut g\u00f3\u00f0a d\u00f3ma, b\u00e6\u00f0i h\u00e9r \u00e1 landi og \u00ed Danm\u00f6rku o"}},"product_brand":[],"product_cat":[83],"product_tag":[],"class_list":{"0":"post-5451","1":"product","2":"type-product","3":"status-publish","4":"has-post-thumbnail","6":"product_cat-books","7":"product_shipping_class-small-en","9":"first","10":"outofstock","11":"sold-individually","12":"purchasable","13":"product-type-simple"},"_links":{"self":[{"href":"https:\/\/kindart.is\/en\/wp-json\/wp\/v2\/product\/5451","targetHints":{"allow":["GET"]}}],"collection":[{"href":"https:\/\/kindart.is\/en\/wp-json\/wp\/v2\/product"}],"about":[{"href":"https:\/\/kindart.is\/en\/wp-json\/wp\/v2\/types\/product"}],"wp:featuredmedia":[{"embeddable":true,"href":"https:\/\/kindart.is\/en\/wp-json\/wp\/v2\/media\/5445"}],"wp:attachment":[{"href":"https:\/\/kindart.is\/en\/wp-json\/wp\/v2\/media?parent=5451"}],"wp:term":[{"taxonomy":"product_brand","embeddable":true,"href":"https:\/\/kindart.is\/en\/wp-json\/wp\/v2\/product_brand?post=5451"},{"taxonomy":"product_cat","embeddable":true,"href":"https:\/\/kindart.is\/en\/wp-json\/wp\/v2\/product_cat?post=5451"},{"taxonomy":"product_tag","embeddable":true,"href":"https:\/\/kindart.is\/en\/wp-json\/wp\/v2\/product_tag?post=5451"}],"curies":[{"name":"wp","href":"https:\/\/api.w.org\/{rel}","templated":true}]}}