{"id":5456,"date":"2022-09-07T12:00:06","date_gmt":"2022-09-07T12:00:06","guid":{"rendered":"https:\/\/kindart.is\/product\/stafsetningarkennsla-og-stilkennsla-i-barnaskolum\/"},"modified":"2022-09-07T12:00:06","modified_gmt":"2022-09-07T12:00:06","slug":"stafsetningarkennsla-og-stilkennsla-i-barnaskolum","status":"publish","type":"product","link":"https:\/\/kindart.is\/en\/vara\/stafsetningarkennsla-og-stilkennsla-i-barnaskolum\/","title":{"rendered":"Stafsetningarkennsla og st\u00edlkennsla \u00ed barnask\u00f3lum"},"content":{"rendered":"<p><strong>Stafsetningarkennsla og st\u00edlkennsla \u00ed barnask\u00f3lum<\/strong> eftir Egil \u00deorl\u00e1ksson. \u00deetta er l\u00edtil b\u00f3k, bundin \u00ed st\u00edft band segir \u00ed Prentsmi\u00f0jub\u00f3kinni, en \u00fea\u00f0 var l\u00edka kalla\u00f0 sk\u00f3laband. \u00de\u00e1 er b\u00f3kin saumu\u00f0, shirtingur l\u00edmdur \u00e1 kj\u00f6linn og spjaldapapp\u00edr \u00e1l\u00edmdur \u00e1 hli\u00f0ar. S\u00ed\u00f0an er b\u00f3kin skorin \u00e1 3 kanta: ofan, ne\u00f0an og framan. Kveri\u00f0 er 15.6 X 10 cm a\u00f0 st\u00e6r\u00f0 og 82 bls. Faglega unnin b\u00f3k.<\/p>\n<p>Ex Libris mi\u00f0i Sr. Bj\u00f6rns J\u00f3nssonar.<\/p>\n<p><strong>\u00datg\u00e1fa og prentun<\/strong>:<br \/>\n\u00datgefanda er ekki geti\u00f0 en h\u00fan er fj\u00f6lritu\u00f0 \u00e1 H\u00fasav\u00edk 1937 \u00ed Fj\u00f6lritun Sig. Kristj\u00e1nssonar.<\/p>\n","protected":false},"excerpt":{"rendered":"<p>Stafsetningarkennsla og st\u00edlkennsla \u00ed barnask\u00f3lum eftir Egil \u00deorl\u00e1ksson. \u00deetta er l\u00edtil b\u00f3k, bundin \u00ed st\u00edft band segir \u00ed Prentsmi\u00f0jub\u00f3kinni, en \u00fea\u00f0 var l\u00edka kalla\u00f0 sk\u00f3laband. \u00de\u00e1 er b\u00f3kin saumu\u00f0, shirtingur l\u00edmdur \u00e1 kj\u00f6linn og spjaldapapp\u00edr \u00e1l\u00edmdur \u00e1 hli\u00f0ar. S\u00ed\u00f0an er b\u00f3kin skorin \u00e1 3 kanta: ofan, ne\u00f0an og framan. Kveri\u00f0 er 15.6 X 10 cm [&hellip;]<\/p>\n","protected":false},"featured_media":5454,"template":"","meta":{"slim_seo":{"title":"Stafsetningarkennsla og st\u00edlkennsla \u00ed barnask\u00f3lum - KindArt","description":"Stafsetningarkennsla og st\u00edlkennsla \u00ed barnask\u00f3lum eftir Egil \u00deorl\u00e1ksson. \u00deetta er l\u00edtil b\u00f3k, bundin \u00ed st\u00edft band segir \u00ed Prentsmi\u00f0jub\u00f3kinni, en \u00fea\u00f0 var l\u00edka kal"}},"product_brand":[],"product_cat":[83],"product_tag":[],"class_list":{"0":"post-5456","1":"product","2":"type-product","3":"status-publish","4":"has-post-thumbnail","6":"product_cat-books","7":"product_shipping_class-small-en","9":"first","10":"instock","11":"sold-individually","12":"purchasable","13":"product-type-simple"},"_links":{"self":[{"href":"https:\/\/kindart.is\/en\/wp-json\/wp\/v2\/product\/5456","targetHints":{"allow":["GET"]}}],"collection":[{"href":"https:\/\/kindart.is\/en\/wp-json\/wp\/v2\/product"}],"about":[{"href":"https:\/\/kindart.is\/en\/wp-json\/wp\/v2\/types\/product"}],"wp:featuredmedia":[{"embeddable":true,"href":"https:\/\/kindart.is\/en\/wp-json\/wp\/v2\/media\/5454"}],"wp:attachment":[{"href":"https:\/\/kindart.is\/en\/wp-json\/wp\/v2\/media?parent=5456"}],"wp:term":[{"taxonomy":"product_brand","embeddable":true,"href":"https:\/\/kindart.is\/en\/wp-json\/wp\/v2\/product_brand?post=5456"},{"taxonomy":"product_cat","embeddable":true,"href":"https:\/\/kindart.is\/en\/wp-json\/wp\/v2\/product_cat?post=5456"},{"taxonomy":"product_tag","embeddable":true,"href":"https:\/\/kindart.is\/en\/wp-json\/wp\/v2\/product_tag?post=5456"}],"curies":[{"name":"wp","href":"https:\/\/api.w.org\/{rel}","templated":true}]}}