{"id":5463,"date":"2022-09-07T12:05:06","date_gmt":"2022-09-07T12:05:06","guid":{"rendered":"https:\/\/kindart.is\/product\/ljodmaeli-i\/"},"modified":"2022-09-07T12:05:06","modified_gmt":"2022-09-07T12:05:06","slug":"ljodmaeli-i","status":"publish","type":"product","link":"https:\/\/kindart.is\/en\/vara\/ljodmaeli-i\/","title":{"rendered":"Lj\u00f3\u00f0m\u00e6li I"},"content":{"rendered":"<p><strong>Lj\u00f3\u00f0m\u00e6li I<\/strong>. eftir Bjarna Magn\u00fasson [Brekkmann]. \u00deetta er l\u00edti\u00f0 lj\u00f3\u00f0akver me\u00f0 mynd af h\u00f6fundi og \u00e1rita\u00f0 til J\u00f3hannesar \u00far K\u00f6tlum fr\u00e1 h\u00f6fundi. Kveri\u00f0 er \u00feverheft og sett \u00ed kartonk\u00e1pu, 15 X 11.2 cm a\u00f0 st\u00e6r\u00f0 og 48 bls.<\/p>\n<p><strong>\u00datg\u00e1fa og prentun<\/strong>:<br \/>\n\u00datgefanda er ekki geti\u00f0, en l\u00edklega er kveri\u00f0 gefi\u00f0 \u00fat af h\u00f6fundi, Reykjav\u00edk 1937. Prentsmi\u00f0ja J\u00f3ns Helgasonar.<\/p>\n","protected":false},"excerpt":{"rendered":"<p>Lj\u00f3\u00f0m\u00e6li I. eftir Bjarna Magn\u00fasson [Brekkmann]. \u00deetta er l\u00edti\u00f0 lj\u00f3\u00f0akver me\u00f0 mynd af h\u00f6fundi og \u00e1rita\u00f0 til J\u00f3hannesar \u00far K\u00f6tlum fr\u00e1 h\u00f6fundi. Kveri\u00f0 er \u00feverheft og sett \u00ed kartonk\u00e1pu, 15 X 11.2 cm a\u00f0 st\u00e6r\u00f0 og 48 bls. \u00datg\u00e1fa og prentun: \u00datgefanda er ekki geti\u00f0, en l\u00edklega er kveri\u00f0 gefi\u00f0 \u00fat af h\u00f6fundi, Reykjav\u00edk 1937. [&hellip;]<\/p>\n","protected":false},"featured_media":5459,"template":"","meta":{"slim_seo":{"title":"Lj\u00f3\u00f0m\u00e6li I - KindArt","description":"Lj\u00f3\u00f0m\u00e6li I . eftir Bjarna Magn\u00fasson [Brekkmann]. \u00deetta er l\u00edti\u00f0 lj\u00f3\u00f0akver me\u00f0 mynd af h\u00f6fundi og \u00e1rita\u00f0 til J\u00f3hannesar \u00far K\u00f6tlum fr\u00e1 h\u00f6fundi. Kveri\u00f0 er \u00feverheft"}},"product_brand":[],"product_cat":[83],"product_tag":[],"class_list":{"0":"post-5463","1":"product","2":"type-product","3":"status-publish","4":"has-post-thumbnail","6":"product_cat-books","7":"product_shipping_class-small-en","9":"first","10":"outofstock","11":"sold-individually","12":"purchasable","13":"product-type-simple"},"_links":{"self":[{"href":"https:\/\/kindart.is\/en\/wp-json\/wp\/v2\/product\/5463","targetHints":{"allow":["GET"]}}],"collection":[{"href":"https:\/\/kindart.is\/en\/wp-json\/wp\/v2\/product"}],"about":[{"href":"https:\/\/kindart.is\/en\/wp-json\/wp\/v2\/types\/product"}],"wp:featuredmedia":[{"embeddable":true,"href":"https:\/\/kindart.is\/en\/wp-json\/wp\/v2\/media\/5459"}],"wp:attachment":[{"href":"https:\/\/kindart.is\/en\/wp-json\/wp\/v2\/media?parent=5463"}],"wp:term":[{"taxonomy":"product_brand","embeddable":true,"href":"https:\/\/kindart.is\/en\/wp-json\/wp\/v2\/product_brand?post=5463"},{"taxonomy":"product_cat","embeddable":true,"href":"https:\/\/kindart.is\/en\/wp-json\/wp\/v2\/product_cat?post=5463"},{"taxonomy":"product_tag","embeddable":true,"href":"https:\/\/kindart.is\/en\/wp-json\/wp\/v2\/product_tag?post=5463"}],"curies":[{"name":"wp","href":"https:\/\/api.w.org\/{rel}","templated":true}]}}