{"id":5470,"date":"2022-09-07T12:09:03","date_gmt":"2022-09-07T12:09:03","guid":{"rendered":"https:\/\/kindart.is\/product\/austfirdingathaettir\/"},"modified":"2022-09-07T12:10:07","modified_gmt":"2022-09-07T12:10:07","slug":"austfirdingathaettir","status":"publish","type":"product","link":"https:\/\/kindart.is\/en\/vara\/austfirdingathaettir\/","title":{"rendered":"Austfir\u00f0inga\u00fe\u00e6ttir"},"content":{"rendered":"<p><strong>Austfir\u00f0inga\u00fe\u00e6ttir<\/strong>. H\u00f6fundur: G\u00edsli Helgason \u00ed Sk\u00f3garger\u00f0i. Hann skrifa\u00f0i \u00feessa \u00fe\u00e6tti alla upp eftir minni, en J\u00f3nas Rafnar yfirl\u00e6knir \u00ed Kristnesi las yfir handriti\u00f0 og lagf\u00e6r\u00f0i undir prentun. B\u00f3kin er handbundin \u00ed rex\u00ednband \u00e1 kj\u00f6l og horn en \u00f3gyllt. H\u00fan er 146 bls. og 22 X 14 cm a\u00f0 st\u00e6r\u00f0.<\/p>\n<p><strong>\u00datg\u00e1fa og prentun<\/strong>:<br \/>\n\u00datgefandi: B\u00f3kaforlag \u00deorsteins M. J\u00f3nssonar, Akureyri 1949. Prentverk Odds Bj\u00f6rnssonar.<\/p>\n","protected":false},"excerpt":{"rendered":"<p>Austfir\u00f0inga\u00fe\u00e6ttir. H\u00f6fundur: G\u00edsli Helgason \u00ed Sk\u00f3garger\u00f0i. Hann skrifa\u00f0i \u00feessa \u00fe\u00e6tti alla upp eftir minni, en J\u00f3nas Rafnar yfirl\u00e6knir \u00ed Kristnesi las yfir handriti\u00f0 og lagf\u00e6r\u00f0i undir prentun. B\u00f3kin er handbundin \u00ed rex\u00ednband \u00e1 kj\u00f6l og horn en \u00f3gyllt. H\u00fan er 146 bls. og 22 X 14 cm a\u00f0 st\u00e6r\u00f0. \u00datg\u00e1fa og prentun: \u00datgefandi: B\u00f3kaforlag \u00deorsteins [&hellip;]<\/p>\n","protected":false},"featured_media":5466,"template":"","meta":{"slim_seo":{"title":"Austfir\u00f0inga\u00fe\u00e6ttir - KindArt","description":"Austfir\u00f0inga\u00fe\u00e6ttir . H\u00f6fundur: G\u00edsli Helgason \u00ed Sk\u00f3garger\u00f0i. Hann skrifa\u00f0i \u00feessa \u00fe\u00e6tti alla upp eftir minni, en J\u00f3nas Rafnar yfirl\u00e6knir \u00ed Kristnesi las yfir han"}},"product_brand":[],"product_cat":[83],"product_tag":[],"class_list":{"0":"post-5470","1":"product","2":"type-product","3":"status-publish","4":"has-post-thumbnail","6":"product_cat-books","7":"product_shipping_class-small-en","9":"first","10":"instock","11":"sold-individually","12":"purchasable","13":"product-type-simple"},"_links":{"self":[{"href":"https:\/\/kindart.is\/en\/wp-json\/wp\/v2\/product\/5470","targetHints":{"allow":["GET"]}}],"collection":[{"href":"https:\/\/kindart.is\/en\/wp-json\/wp\/v2\/product"}],"about":[{"href":"https:\/\/kindart.is\/en\/wp-json\/wp\/v2\/types\/product"}],"wp:featuredmedia":[{"embeddable":true,"href":"https:\/\/kindart.is\/en\/wp-json\/wp\/v2\/media\/5466"}],"wp:attachment":[{"href":"https:\/\/kindart.is\/en\/wp-json\/wp\/v2\/media?parent=5470"}],"wp:term":[{"taxonomy":"product_brand","embeddable":true,"href":"https:\/\/kindart.is\/en\/wp-json\/wp\/v2\/product_brand?post=5470"},{"taxonomy":"product_cat","embeddable":true,"href":"https:\/\/kindart.is\/en\/wp-json\/wp\/v2\/product_cat?post=5470"},{"taxonomy":"product_tag","embeddable":true,"href":"https:\/\/kindart.is\/en\/wp-json\/wp\/v2\/product_tag?post=5470"}],"curies":[{"name":"wp","href":"https:\/\/api.w.org\/{rel}","templated":true}]}}