{"id":5478,"date":"2022-09-07T20:25:44","date_gmt":"2022-09-07T20:25:44","guid":{"rendered":"https:\/\/kindart.is\/product\/4-leikthaettir-e-odd-bjornsson\/"},"modified":"2023-12-26T11:46:58","modified_gmt":"2023-12-26T11:46:58","slug":"4-leikthaettir-e-odd-bjornsson","status":"publish","type":"product","link":"https:\/\/kindart.is\/en\/vara\/4-leikthaettir-e-odd-bjornsson\/","title":{"rendered":"4 leik\u00fe\u00e6ttir e. Odd Bj\u00f6rnsson"},"content":{"rendered":"<p><strong>4 leik\u00fe\u00e6ttir e. Odd Bj\u00f6rnsson<\/strong>. K\u00f6ngul\u00f3in. Part\u00ed. Vi\u00f0 lestur framhaldss\u00f6gunnar. Amal\u00eda. \u00cd b\u00f3kinni eru 5 myndir eftir Dieter Roth. \u00dea\u00f0 eru skrautd\u00fakar sem eru upphleyptir \u00ed papp\u00edrinn. B\u00f3kin er saumheft me\u00f0 k\u00e1pu og mynd eftir Dieter Roth \u00e1 henni. St\u00e6r\u00f0: 22.4 X 14.5 cm og 90 bls. &#8211; Jafnframt er bo\u00f0i\u00f0 til s\u00f6lu hulstur sem fylgir t\u00edmaritinu Andvara og er kl\u00e6tt me\u00f0 papp\u00edr sem DieterRoth hanna\u00f0i fyrir b\u00f3kamarka\u00f0inn.<\/p>\n<p><strong>\u00datg\u00e1fa og prentun<\/strong>:<br \/>\n\u00datgefanda er ekki geti\u00f0, en b\u00f3kin var prentu\u00f0 \u00ed \u00cdsafoldarprentsmi\u00f0ju \u00ed Reykjav\u00edk 1963. Upplag: 300 eint\u00f6k.<\/p>\n","protected":false},"excerpt":{"rendered":"<p>4 leik\u00fe\u00e6ttir e. Odd Bj\u00f6rnsson. K\u00f6ngul\u00f3in. Part\u00ed. Vi\u00f0 lestur framhaldss\u00f6gunnar. Amal\u00eda. \u00cd b\u00f3kinni eru 5 myndir eftir Dieter Roth. \u00dea\u00f0 eru skrautd\u00fakar sem eru upphleyptir \u00ed papp\u00edrinn. B\u00f3kin er saumheft me\u00f0 k\u00e1pu og mynd eftir Dieter Roth \u00e1 henni. St\u00e6r\u00f0: 22.4 X 14.5 cm og 90 bls. &#8211; Jafnframt er bo\u00f0i\u00f0 til s\u00f6lu hulstur sem [&hellip;]<\/p>\n","protected":false},"featured_media":5474,"template":"","meta":{"slim_seo":{"title":"4 leik\u00fe\u00e6ttir e. Odd Bj\u00f6rnsson - KindArt","description":"4 leik\u00fe\u00e6ttir e. Odd Bj\u00f6rnsson . K\u00f6ngul\u00f3in. Part\u00ed. Vi\u00f0 lestur framhaldss\u00f6gunnar. Amal\u00eda. \u00cd b\u00f3kinni eru 5 myndir eftir Dieter Roth. \u00dea\u00f0 eru skrautd\u00fakar sem eru up"}},"product_brand":[],"product_cat":[83],"product_tag":[],"class_list":{"0":"post-5478","1":"product","2":"type-product","3":"status-publish","4":"has-post-thumbnail","6":"product_cat-books","7":"product_shipping_class-small-en","9":"first","10":"instock","11":"sold-individually","12":"purchasable","13":"product-type-simple"},"_links":{"self":[{"href":"https:\/\/kindart.is\/en\/wp-json\/wp\/v2\/product\/5478","targetHints":{"allow":["GET"]}}],"collection":[{"href":"https:\/\/kindart.is\/en\/wp-json\/wp\/v2\/product"}],"about":[{"href":"https:\/\/kindart.is\/en\/wp-json\/wp\/v2\/types\/product"}],"wp:featuredmedia":[{"embeddable":true,"href":"https:\/\/kindart.is\/en\/wp-json\/wp\/v2\/media\/5474"}],"wp:attachment":[{"href":"https:\/\/kindart.is\/en\/wp-json\/wp\/v2\/media?parent=5478"}],"wp:term":[{"taxonomy":"product_brand","embeddable":true,"href":"https:\/\/kindart.is\/en\/wp-json\/wp\/v2\/product_brand?post=5478"},{"taxonomy":"product_cat","embeddable":true,"href":"https:\/\/kindart.is\/en\/wp-json\/wp\/v2\/product_cat?post=5478"},{"taxonomy":"product_tag","embeddable":true,"href":"https:\/\/kindart.is\/en\/wp-json\/wp\/v2\/product_tag?post=5478"}],"curies":[{"name":"wp","href":"https:\/\/api.w.org\/{rel}","templated":true}]}}