{"id":5483,"date":"2022-09-07T20:30:52","date_gmt":"2022-09-07T20:30:52","guid":{"rendered":"https:\/\/kindart.is\/product\/hlutabref-i-solarlaginu\/"},"modified":"2022-09-07T20:30:52","modified_gmt":"2022-09-07T20:30:52","slug":"hlutabref-i-solarlaginu","status":"publish","type":"product","link":"https:\/\/kindart.is\/en\/vara\/hlutabref-i-solarlaginu\/","title":{"rendered":"Hlutabr\u00e9f \u00ed s\u00f3larlaginu"},"content":{"rendered":"<p><strong>Hlutabr\u00e9f \u00ed s\u00f3larlaginu<\/strong>. Lj\u00f3\u00f0ab\u00f3k eftir Dag Sigur\u00f0arson. B\u00f3kin er saumheft og sett \u00ed rau\u00f0a kartonk\u00e1pu. St\u00e6r\u00f0: 19.7 X 14.7 cm og 3 arkir sem eru 48 bls.<\/p>\n<p><strong>\u00datg\u00e1fa og prentun<\/strong>:<br \/>\nHelgafell. Reykjav\u00edk 1958. V\u00edkingsprent.<\/p>\n","protected":false},"excerpt":{"rendered":"<p>Hlutabr\u00e9f \u00ed s\u00f3larlaginu. Lj\u00f3\u00f0ab\u00f3k eftir Dag Sigur\u00f0arson. B\u00f3kin er saumheft og sett \u00ed rau\u00f0a kartonk\u00e1pu. St\u00e6r\u00f0: 19.7 X 14.7 cm og 3 arkir sem eru 48 bls. \u00datg\u00e1fa og prentun: Helgafell. Reykjav\u00edk 1958. V\u00edkingsprent.<\/p>\n","protected":false},"featured_media":5481,"template":"","meta":{"slim_seo":{"title":"Hlutabr\u00e9f \u00ed s\u00f3larlaginu - KindArt","description":"Hlutabr\u00e9f \u00ed s\u00f3larlaginu . Lj\u00f3\u00f0ab\u00f3k eftir Dag Sigur\u00f0arson. B\u00f3kin er saumheft og sett \u00ed rau\u00f0a kartonk\u00e1pu. St\u00e6r\u00f0: 19.7 X 14.7 cm og 3 arkir sem eru 48 bls. \u00datg\u00e1fa"}},"product_brand":[],"product_cat":[83],"product_tag":[],"class_list":{"0":"post-5483","1":"product","2":"type-product","3":"status-publish","4":"has-post-thumbnail","6":"product_cat-books","7":"product_shipping_class-small-en","9":"first","10":"outofstock","11":"sold-individually","12":"purchasable","13":"product-type-simple"},"_links":{"self":[{"href":"https:\/\/kindart.is\/en\/wp-json\/wp\/v2\/product\/5483","targetHints":{"allow":["GET"]}}],"collection":[{"href":"https:\/\/kindart.is\/en\/wp-json\/wp\/v2\/product"}],"about":[{"href":"https:\/\/kindart.is\/en\/wp-json\/wp\/v2\/types\/product"}],"wp:featuredmedia":[{"embeddable":true,"href":"https:\/\/kindart.is\/en\/wp-json\/wp\/v2\/media\/5481"}],"wp:attachment":[{"href":"https:\/\/kindart.is\/en\/wp-json\/wp\/v2\/media?parent=5483"}],"wp:term":[{"taxonomy":"product_brand","embeddable":true,"href":"https:\/\/kindart.is\/en\/wp-json\/wp\/v2\/product_brand?post=5483"},{"taxonomy":"product_cat","embeddable":true,"href":"https:\/\/kindart.is\/en\/wp-json\/wp\/v2\/product_cat?post=5483"},{"taxonomy":"product_tag","embeddable":true,"href":"https:\/\/kindart.is\/en\/wp-json\/wp\/v2\/product_tag?post=5483"}],"curies":[{"name":"wp","href":"https:\/\/api.w.org\/{rel}","templated":true}]}}